{"id":195,"date":"2017-04-13T08:46:51","date_gmt":"2017-04-13T08:46:51","guid":{"rendered":"http:\/\/funkspruch-pr.de\/?page_id=195"},"modified":"2023-07-05T07:41:57","modified_gmt":"2023-07-05T07:41:57","slug":"lektorat-korrektorat","status":"publish","type":"page","link":"http:\/\/funkspruch-pr.de\/en\/leistungen-2\/lektorat-korrektorat\/","title":{"rendered":"Lektorat &#038; Korrektorat"},"content":{"rendered":"<div data-elementor-type=\"wp-page\" data-elementor-id=\"195\" class=\"elementor elementor-195\">\n\t\t\t\t\t\t<section class=\"elementor-section elementor-top-section elementor-element elementor-element-bbbc36d elementor-section-boxed elementor-section-height-default elementor-section-height-default\" data-id=\"bbbc36d\" data-element_type=\"section\" data-e-type=\"section\" data-settings=\"{&quot;background_background&quot;:&quot;classic&quot;}\">\n\t\t\t\t\t\t\t<div class=\"elementor-background-overlay\"><\/div>\n\t\t\t\t\t\t\t<div class=\"elementor-container elementor-column-gap-default\">\n\t\t\t\t\t<div class=\"elementor-column elementor-col-100 elementor-top-column elementor-element elementor-element-b4588ab\" data-id=\"b4588ab\" data-element_type=\"column\" data-e-type=\"column\">\n\t\t\t<div class=\"elementor-widget-wrap elementor-element-populated\">\n\t\t\t\t\t\t<div class=\"elementor-element elementor-element-666fd47 animated-slow elementor-invisible elementor-widget elementor-widget-heading\" data-id=\"666fd47\" data-element_type=\"widget\" data-e-type=\"widget\" data-settings=\"{&quot;_animation&quot;:&quot;fadeIn&quot;}\" data-widget_type=\"heading.default\">\n\t\t\t\t<div class=\"elementor-widget-container\">\n\t\t\t\t\t<h1 class=\"elementor-heading-title elementor-size-default\">Lektorat &amp; Korrektorat<\/h1>\t\t\t\t<\/div>\n\t\t\t\t<\/div>\n\t\t\t\t\t<\/div>\n\t\t<\/div>\n\t\t\t\t\t<\/div>\n\t\t<\/section>\n\t\t\t\t<section class=\"elementor-section elementor-top-section elementor-element elementor-element-1391f23 elementor-section-boxed elementor-section-height-default elementor-section-height-default\" data-id=\"1391f23\" data-element_type=\"section\" data-e-type=\"section\">\n\t\t\t\t\t\t<div class=\"elementor-container elementor-column-gap-default\">\n\t\t\t\t\t<div class=\"elementor-column elementor-col-50 elementor-top-column elementor-element elementor-element-06a0484\" data-id=\"06a0484\" data-element_type=\"column\" data-e-type=\"column\">\n\t\t\t<div class=\"elementor-widget-wrap elementor-element-populated\">\n\t\t\t\t\t\t<div class=\"elementor-element elementor-element-c6ddb3e elementor-widget elementor-widget-text-editor\" data-id=\"c6ddb3e\" data-element_type=\"widget\" data-e-type=\"widget\" data-widget_type=\"text-editor.default\">\n\t\t\t\t<div class=\"elementor-widget-container\">\n\t\t\t\t\t\t\t\t\t<h2>FEINSCHLIFF F\u00dcR IHR MANUSKRIPT<\/h2><h3>Semantik, Syntax, Textstruktur: Mit <em>Wortgef\u00fchl<\/em> zum Buch<\/h3><p><em><strong>Ihr Manuskript hat seinen Schlusspunkt gefunden und nun geht es an den Feinschliff? <\/strong><\/em>Funkspruch PR pr\u00fcft Ihren Text auf Rechtschreibung und Grammatik, eine schl\u00fcssige Struktur und auf die passenden Worte. Wir erstellen Ihren Klappentext sowie die Autorenvita. Wir k\u00fcmmern uns au\u00dferdem um Layout und Formatierung, Recherchen und Faktenchecks und stellen auf Wunsch Kontakt zu \u00dcbersetzern und weiteren Dienstleistern her.<\/p><p><em><strong>Funkspruch PR macht Texte besser! <\/strong><\/em>Mit <em>Wortgef\u00fchl<\/em>\u00a0und Sprachgeschick widmen wir uns intensiv Ihrem Text\u00a0hinsichtlich Wortwahl, Orthografie und Grammatik, hinsichtlich Inhalt, Aufbau und Struktur und unterst\u00fctzen Sie in stilistischen Fragen. Funkspruch PR ber\u00e4t und betreut Autoren \u2013 vom Schlusspunkt des Manuskripts bis hin zur Ver\u00f6ffentlichung des Textes. Und im Anschluss k\u00fcmmern\u00a0wir uns gerne um Ihr Marketing.<\/p><p><em><strong>Funkspruch PR kennt beide Seiten des Buchmarktes und ist Bindeglied zwischen Autoren und Verlagen. <\/strong><\/em>\u00a0Wir sichten Manuskripte, entwickeln\u00a0Buchideen, unterst\u00fctzen bei der Zusammenstellung des Verlagsprogrammes, koordinieren s\u00e4mtliche Abl\u00e4ufe mit Marketing- und Lizenzabteilung, mit Illustratoren, \u00dcbersetzern, Setzern, Druckereien etc. Unsere \u00fcber zehnj\u00e4hrige PR-Erfahrung qualifiziert\u00a0uns zudem, die Vermarktung Ihrer B\u00fccher in die Hand zu nehmen.<\/p><p><em><strong>Funkspruch PR arbeitet genre\u00fcbergreifend und textformunabh\u00e4ngig.<\/strong><\/em>\u00a0Unser Portfolio umfasst ein breites Themenspektrum: Wir kennen uns aus mit erkl\u00e4rungsbed\u00fcrftigen Texten aus dem Industrie-, Technik- und Maschinenbaubereich, mit Artikeln aus HR- und Unternehmensberatung \u00a0bis hin zu religi\u00f6sen und spirituellen B\u00fcchern. Funkspruch PR lektoriert Ihr Manuskript: Vom belletristischen Text, \u00fcber Sach- und Fachb\u00fccher, Websitetexte, Abschlussarbeiten, Werbetexte und technische Dokumentationen bis hin zu Brosch\u00fcren oder\u00a0Gesch\u00e4ftsberichten.<\/p><h2>Talk to us!<\/h2>\t\t\t\t\t\t\t\t<\/div>\n\t\t\t\t<\/div>\n\t\t\t\t\t<\/div>\n\t\t<\/div>\n\t\t\t\t<div class=\"elementor-column elementor-col-50 elementor-top-column elementor-element elementor-element-1b825fb\" data-id=\"1b825fb\" data-element_type=\"column\" data-e-type=\"column\">\n\t\t\t<div class=\"elementor-widget-wrap elementor-element-populated\">\n\t\t\t\t\t\t<div class=\"elementor-element elementor-element-623d8d1 elementor-widget elementor-widget-image\" data-id=\"623d8d1\" data-element_type=\"widget\" data-e-type=\"widget\" data-widget_type=\"image.default\">\n\t\t\t\t<div class=\"elementor-widget-container\">\n\t\t\t\t\t\t\t\t\t\t\t\t\t\t\t<img fetchpriority=\"high\" decoding=\"async\" width=\"1024\" height=\"768\" src=\"https:\/\/funkspruch-pr.de\/wp-content\/uploads\/2020\/12\/flower-3041518_1920-1024x768.jpg\" class=\"attachment-large size-large wp-image-739\" alt=\"\" srcset=\"https:\/\/funkspruch-pr.de\/wp-content\/uploads\/2020\/12\/flower-3041518_1920-1024x768.jpg 1024w, https:\/\/funkspruch-pr.de\/wp-content\/uploads\/2020\/12\/flower-3041518_1920-300x225.jpg 300w, https:\/\/funkspruch-pr.de\/wp-content\/uploads\/2020\/12\/flower-3041518_1920-768x576.jpg 768w, https:\/\/funkspruch-pr.de\/wp-content\/uploads\/2020\/12\/flower-3041518_1920-1536x1152.jpg 1536w, https:\/\/funkspruch-pr.de\/wp-content\/uploads\/2020\/12\/flower-3041518_1920-507x380.jpg 507w, https:\/\/funkspruch-pr.de\/wp-content\/uploads\/2020\/12\/flower-3041518_1920.jpg 1920w\" sizes=\"(max-width: 1024px) 100vw, 1024px\" \/>\t\t\t\t\t\t\t\t\t\t\t\t\t\t\t<\/div>\n\t\t\t\t<\/div>\n\t\t\t\t<div class=\"elementor-element elementor-element-1d90f0d elementor-widget elementor-widget-image\" data-id=\"1d90f0d\" data-element_type=\"widget\" data-e-type=\"widget\" data-widget_type=\"image.default\">\n\t\t\t\t<div class=\"elementor-widget-container\">\n\t\t\t\t\t\t\t\t\t\t\t\t\t\t\t<img decoding=\"async\" width=\"1024\" height=\"417\" src=\"https:\/\/funkspruch-pr.de\/wp-content\/uploads\/2017\/01\/pexels-photo-218536-e1484043839594-1024x417.jpeg\" class=\"attachment-large size-large wp-image-160\" alt=\"\" srcset=\"https:\/\/funkspruch-pr.de\/wp-content\/uploads\/2017\/01\/pexels-photo-218536-e1484043839594-1024x417.jpeg 1024w, https:\/\/funkspruch-pr.de\/wp-content\/uploads\/2017\/01\/pexels-photo-218536-e1484043839594-300x122.jpeg 300w, https:\/\/funkspruch-pr.de\/wp-content\/uploads\/2017\/01\/pexels-photo-218536-e1484043839594-768x312.jpeg 768w, https:\/\/funkspruch-pr.de\/wp-content\/uploads\/2017\/01\/pexels-photo-218536-e1484043839594-934x380.jpeg 934w\" sizes=\"(max-width: 1024px) 100vw, 1024px\" \/>\t\t\t\t\t\t\t\t\t\t\t\t\t\t\t<\/div>\n\t\t\t\t<\/div>\n\t\t\t\t\t<\/div>\n\t\t<\/div>\n\t\t\t\t\t<\/div>\n\t\t<\/section>\n\t\t\t\t<\/div>","protected":false},"excerpt":{"rendered":"<p>Lektorat &#038; Korrektorat FEINSCHLIFF F\u00dcR IHR MANUSKRIPT Semantik, Syntax, Textstruktur: Mit Wortgef\u00fchl zum Buch Ihr Manuskript hat seinen Schlusspunkt gefunden und nun geht es an den Feinschliff? Funkspruch PR pr\u00fcft Ihren Text auf Rechtschreibung und Grammatik, eine schl\u00fcssige Struktur und auf die passenden Worte. Wir erstellen Ihren Klappentext sowie die&hellip;&nbsp;<a href=\"http:\/\/funkspruch-pr.de\/en\/leistungen-2\/lektorat-korrektorat\/\" rel=\"bookmark\">Read More &raquo;<span class=\"screen-reader-text\">Lektorat &#038; Korrektorat<\/span><\/a><\/p>","protected":false},"author":1,"featured_media":202,"parent":83,"menu_order":5,"comment_status":"closed","ping_status":"closed","template":"elementor_header_footer","meta":{"neve_meta_sidebar":"","neve_meta_container":"","neve_meta_enable_content_width":"","neve_meta_content_width":0,"neve_meta_title_alignment":"","neve_meta_author_avatar":"","neve_post_elements_order":"","neve_meta_disable_header":"","neve_meta_disable_footer":"","neve_meta_disable_title":"","footnotes":""},"class_list":["post-195","page","type-page","status-publish","has-post-thumbnail","hentry"],"yoast_head":"<!-- This site is optimized with the Yoast SEO plugin v27.2 - https:\/\/yoast.com\/product\/yoast-seo-wordpress\/ -->\n<title>Feinschliff f\u00fcr Ihr Manuskript: Lektorat &amp; Korrektorat<\/title>\n<meta name=\"description\" content=\"Funkspruch PR k\u00fcmmert sich um den Feinschliff Ihres Manuskripts. Lektorat &amp; Korrektorat f\u00fcr korrekte Syntax und Semantik.\" \/>\n<meta name=\"robots\" content=\"index, follow, max-snippet:-1, max-image-preview:large, max-video-preview:-1\" \/>\n<link rel=\"canonical\" href=\"https:\/\/funkspruch-pr.de\/en\/leistungen-2\/lektorat-korrektorat\/\" \/>\n<meta property=\"og:locale\" content=\"en_US\" \/>\n<meta property=\"og:type\" content=\"article\" \/>\n<meta property=\"og:title\" content=\"Feinschliff f\u00fcr Ihr Manuskript: Lektorat &amp; Korrektorat\" \/>\n<meta property=\"og:description\" content=\"Funkspruch PR k\u00fcmmert sich um den Feinschliff Ihres Manuskripts. Lektorat &amp; Korrektorat f\u00fcr korrekte Syntax und Semantik.\" \/>\n<meta property=\"og:url\" content=\"https:\/\/funkspruch-pr.de\/en\/leistungen-2\/lektorat-korrektorat\/\" \/>\n<meta property=\"og:site_name\" content=\"Funkspruch PR\" \/>\n<meta property=\"article:modified_time\" content=\"2023-07-05T07:41:57+00:00\" \/>\n<meta property=\"og:image\" content=\"https:\/\/funkspruch-pr.de\/wp-content\/uploads\/2017\/04\/book-1760998_1920.jpg\" \/>\n\t<meta property=\"og:image:width\" content=\"1920\" \/>\n\t<meta property=\"og:image:height\" content=\"1201\" \/>\n\t<meta property=\"og:image:type\" content=\"image\/jpeg\" \/>\n<meta name=\"twitter:card\" content=\"summary_large_image\" \/>\n<meta name=\"twitter:label1\" content=\"Est. reading time\" \/>\n\t<meta name=\"twitter:data1\" content=\"2 minutes\" \/>\n<script type=\"application\/ld+json\" class=\"yoast-schema-graph\">{\"@context\":\"https:\/\/schema.org\",\"@graph\":[{\"@type\":\"WebPage\",\"@id\":\"https:\/\/funkspruch-pr.de\/leistungen-2\/lektorat-korrektorat\/\",\"url\":\"https:\/\/funkspruch-pr.de\/leistungen-2\/lektorat-korrektorat\/\",\"name\":\"Feinschliff f\u00fcr Ihr Manuskript: Lektorat & Korrektorat\",\"isPartOf\":{\"@id\":\"https:\/\/funkspruch-pr.de\/#website\"},\"primaryImageOfPage\":{\"@id\":\"https:\/\/funkspruch-pr.de\/leistungen-2\/lektorat-korrektorat\/#primaryimage\"},\"image\":{\"@id\":\"https:\/\/funkspruch-pr.de\/leistungen-2\/lektorat-korrektorat\/#primaryimage\"},\"thumbnailUrl\":\"https:\/\/funkspruch-pr.de\/wp-content\/uploads\/2017\/04\/book-1760998_1920.jpg\",\"datePublished\":\"2017-04-13T08:46:51+00:00\",\"dateModified\":\"2023-07-05T07:41:57+00:00\",\"description\":\"Funkspruch PR k\u00fcmmert sich um den Feinschliff Ihres Manuskripts. Lektorat & Korrektorat f\u00fcr korrekte Syntax und Semantik.\",\"breadcrumb\":{\"@id\":\"https:\/\/funkspruch-pr.de\/leistungen-2\/lektorat-korrektorat\/#breadcrumb\"},\"inLanguage\":\"en-US\",\"potentialAction\":[{\"@type\":\"ReadAction\",\"target\":[\"https:\/\/funkspruch-pr.de\/leistungen-2\/lektorat-korrektorat\/\"]}]},{\"@type\":\"ImageObject\",\"inLanguage\":\"en-US\",\"@id\":\"https:\/\/funkspruch-pr.de\/leistungen-2\/lektorat-korrektorat\/#primaryimage\",\"url\":\"https:\/\/funkspruch-pr.de\/wp-content\/uploads\/2017\/04\/book-1760998_1920.jpg\",\"contentUrl\":\"https:\/\/funkspruch-pr.de\/wp-content\/uploads\/2017\/04\/book-1760998_1920.jpg\",\"width\":1920,\"height\":1201},{\"@type\":\"BreadcrumbList\",\"@id\":\"https:\/\/funkspruch-pr.de\/leistungen-2\/lektorat-korrektorat\/#breadcrumb\",\"itemListElement\":[{\"@type\":\"ListItem\",\"position\":1,\"name\":\"Startseite\",\"item\":\"https:\/\/funkspruch-pr.de\/\"},{\"@type\":\"ListItem\",\"position\":2,\"name\":\"Leistungen\",\"item\":\"https:\/\/funkspruch-pr.de\/leistungen-2\/\"},{\"@type\":\"ListItem\",\"position\":3,\"name\":\"Lektorat &#038; Korrektorat\"}]},{\"@type\":\"WebSite\",\"@id\":\"https:\/\/funkspruch-pr.de\/#website\",\"url\":\"https:\/\/funkspruch-pr.de\/\",\"name\":\"Funkspruch PR\",\"description\":\"Internationale PR, Social Media, Performance &amp; Content Marketing\",\"potentialAction\":[{\"@type\":\"SearchAction\",\"target\":{\"@type\":\"EntryPoint\",\"urlTemplate\":\"https:\/\/funkspruch-pr.de\/?s={search_term_string}\"},\"query-input\":{\"@type\":\"PropertyValueSpecification\",\"valueRequired\":true,\"valueName\":\"search_term_string\"}}],\"inLanguage\":\"en-US\"}]}<\/script>\n<!-- \/ Yoast SEO plugin. -->","yoast_head_json":{"title":"Feinschliff f\u00fcr Ihr Manuskript: Lektorat & Korrektorat","description":"Funkspruch PR k\u00fcmmert sich um den Feinschliff Ihres Manuskripts. Lektorat & Korrektorat f\u00fcr korrekte Syntax und Semantik.","robots":{"index":"index","follow":"follow","max-snippet":"max-snippet:-1","max-image-preview":"max-image-preview:large","max-video-preview":"max-video-preview:-1"},"canonical":"https:\/\/funkspruch-pr.de\/en\/leistungen-2\/lektorat-korrektorat\/","og_locale":"en_US","og_type":"article","og_title":"Feinschliff f\u00fcr Ihr Manuskript: Lektorat & Korrektorat","og_description":"Funkspruch PR k\u00fcmmert sich um den Feinschliff Ihres Manuskripts. Lektorat & Korrektorat f\u00fcr korrekte Syntax und Semantik.","og_url":"https:\/\/funkspruch-pr.de\/en\/leistungen-2\/lektorat-korrektorat\/","og_site_name":"Funkspruch PR","article_modified_time":"2023-07-05T07:41:57+00:00","og_image":[{"width":1920,"height":1201,"url":"https:\/\/funkspruch-pr.de\/wp-content\/uploads\/2017\/04\/book-1760998_1920.jpg","type":"image\/jpeg"}],"twitter_card":"summary_large_image","twitter_misc":{"Est. reading time":"2 minutes"},"schema":{"@context":"https:\/\/schema.org","@graph":[{"@type":"WebPage","@id":"https:\/\/funkspruch-pr.de\/leistungen-2\/lektorat-korrektorat\/","url":"https:\/\/funkspruch-pr.de\/leistungen-2\/lektorat-korrektorat\/","name":"Feinschliff f\u00fcr Ihr Manuskript: Lektorat & Korrektorat","isPartOf":{"@id":"https:\/\/funkspruch-pr.de\/#website"},"primaryImageOfPage":{"@id":"https:\/\/funkspruch-pr.de\/leistungen-2\/lektorat-korrektorat\/#primaryimage"},"image":{"@id":"https:\/\/funkspruch-pr.de\/leistungen-2\/lektorat-korrektorat\/#primaryimage"},"thumbnailUrl":"https:\/\/funkspruch-pr.de\/wp-content\/uploads\/2017\/04\/book-1760998_1920.jpg","datePublished":"2017-04-13T08:46:51+00:00","dateModified":"2023-07-05T07:41:57+00:00","description":"Funkspruch PR k\u00fcmmert sich um den Feinschliff Ihres Manuskripts. Lektorat & Korrektorat f\u00fcr korrekte Syntax und Semantik.","breadcrumb":{"@id":"https:\/\/funkspruch-pr.de\/leistungen-2\/lektorat-korrektorat\/#breadcrumb"},"inLanguage":"en-US","potentialAction":[{"@type":"ReadAction","target":["https:\/\/funkspruch-pr.de\/leistungen-2\/lektorat-korrektorat\/"]}]},{"@type":"ImageObject","inLanguage":"en-US","@id":"https:\/\/funkspruch-pr.de\/leistungen-2\/lektorat-korrektorat\/#primaryimage","url":"https:\/\/funkspruch-pr.de\/wp-content\/uploads\/2017\/04\/book-1760998_1920.jpg","contentUrl":"https:\/\/funkspruch-pr.de\/wp-content\/uploads\/2017\/04\/book-1760998_1920.jpg","width":1920,"height":1201},{"@type":"BreadcrumbList","@id":"https:\/\/funkspruch-pr.de\/leistungen-2\/lektorat-korrektorat\/#breadcrumb","itemListElement":[{"@type":"ListItem","position":1,"name":"Startseite","item":"https:\/\/funkspruch-pr.de\/"},{"@type":"ListItem","position":2,"name":"Leistungen","item":"https:\/\/funkspruch-pr.de\/leistungen-2\/"},{"@type":"ListItem","position":3,"name":"Lektorat &#038; Korrektorat"}]},{"@type":"WebSite","@id":"https:\/\/funkspruch-pr.de\/#website","url":"https:\/\/funkspruch-pr.de\/","name":"Funkspruch PR","description":"Internationale PR, Social Media, Performance &amp; Content Marketing","potentialAction":[{"@type":"SearchAction","target":{"@type":"EntryPoint","urlTemplate":"https:\/\/funkspruch-pr.de\/?s={search_term_string}"},"query-input":{"@type":"PropertyValueSpecification","valueRequired":true,"valueName":"search_term_string"}}],"inLanguage":"en-US"}]}},"_links":{"self":[{"href":"http:\/\/funkspruch-pr.de\/en\/wp-json\/wp\/v2\/pages\/195","targetHints":{"allow":["GET"]}}],"collection":[{"href":"http:\/\/funkspruch-pr.de\/en\/wp-json\/wp\/v2\/pages"}],"about":[{"href":"http:\/\/funkspruch-pr.de\/en\/wp-json\/wp\/v2\/types\/page"}],"author":[{"embeddable":true,"href":"http:\/\/funkspruch-pr.de\/en\/wp-json\/wp\/v2\/users\/1"}],"replies":[{"embeddable":true,"href":"http:\/\/funkspruch-pr.de\/en\/wp-json\/wp\/v2\/comments?post=195"}],"version-history":[{"count":10,"href":"http:\/\/funkspruch-pr.de\/en\/wp-json\/wp\/v2\/pages\/195\/revisions"}],"predecessor-version":[{"id":1447,"href":"http:\/\/funkspruch-pr.de\/en\/wp-json\/wp\/v2\/pages\/195\/revisions\/1447"}],"up":[{"embeddable":true,"href":"http:\/\/funkspruch-pr.de\/en\/wp-json\/wp\/v2\/pages\/83"}],"wp:featuredmedia":[{"embeddable":true,"href":"http:\/\/funkspruch-pr.de\/en\/wp-json\/wp\/v2\/media\/202"}],"wp:attachment":[{"href":"http:\/\/funkspruch-pr.de\/en\/wp-json\/wp\/v2\/media?parent=195"}],"curies":[{"name":"wp","href":"https:\/\/api.w.org\/{rel}","templated":true}]}}