{"id":211,"date":"2017-04-13T11:58:01","date_gmt":"2017-04-13T11:58:01","guid":{"rendered":"http:\/\/funkspruch-pr.de\/?page_id=211"},"modified":"2024-05-27T08:39:55","modified_gmt":"2024-05-27T08:39:55","slug":"content-markting","status":"publish","type":"page","link":"https:\/\/funkspruch-pr.de\/en\/leistungen-2\/content-markting\/","title":{"rendered":"Content Marketing"},"content":{"rendered":"<div data-elementor-type=\"wp-page\" data-elementor-id=\"211\" class=\"elementor elementor-211\">\n\t\t\t\t\t\t<section class=\"elementor-section elementor-top-section elementor-element elementor-element-c4c4970 elementor-section-boxed elementor-section-height-default elementor-section-height-default\" data-id=\"c4c4970\" data-element_type=\"section\" data-e-type=\"section\" data-settings=\"{&quot;background_background&quot;:&quot;classic&quot;}\">\n\t\t\t\t\t\t\t<div class=\"elementor-background-overlay\"><\/div>\n\t\t\t\t\t\t\t<div class=\"elementor-container elementor-column-gap-default\">\n\t\t\t\t\t<div class=\"elementor-column elementor-col-100 elementor-top-column elementor-element elementor-element-18c2da0\" data-id=\"18c2da0\" data-element_type=\"column\" data-e-type=\"column\">\n\t\t\t<div class=\"elementor-widget-wrap elementor-element-populated\">\n\t\t\t\t\t\t<div class=\"elementor-element elementor-element-d848646 animated-slow elementor-invisible elementor-widget elementor-widget-heading\" data-id=\"d848646\" data-element_type=\"widget\" data-e-type=\"widget\" data-settings=\"{&quot;_animation&quot;:&quot;fadeIn&quot;}\" data-widget_type=\"heading.default\">\n\t\t\t\t<div class=\"elementor-widget-container\">\n\t\t\t\t\t<h1 class=\"elementor-heading-title elementor-size-default\">Content Marketing<\/h1>\t\t\t\t<\/div>\n\t\t\t\t<\/div>\n\t\t\t\t\t<\/div>\n\t\t<\/div>\n\t\t\t\t\t<\/div>\n\t\t<\/section>\n\t\t\t\t<section class=\"elementor-section elementor-top-section elementor-element elementor-element-23d88864 elementor-section-boxed elementor-section-height-default elementor-section-height-default\" data-id=\"23d88864\" data-element_type=\"section\" data-e-type=\"section\">\n\t\t\t\t\t\t<div class=\"elementor-container elementor-column-gap-default\">\n\t\t\t\t\t<div class=\"elementor-column elementor-col-50 elementor-top-column elementor-element elementor-element-65df54c7\" data-id=\"65df54c7\" data-element_type=\"column\" data-e-type=\"column\">\n\t\t\t<div class=\"elementor-widget-wrap elementor-element-populated\">\n\t\t\t\t\t\t<div class=\"elementor-element elementor-element-9355989 elementor-widget elementor-widget-text-editor\" data-id=\"9355989\" data-element_type=\"widget\" data-e-type=\"widget\" data-widget_type=\"text-editor.default\">\n\t\t\t\t<div class=\"elementor-widget-container\">\n\t\t\t\t\t\t\t\t\t<h2>ADDED VALUE FOR YOUR CONTENT<\/h2><h3>Funkspruch PR stands for a good connection to the target group<\/h3><p class=\"translation-block\"><em><strong>Does your blog need professional editing? <\/strong><\/em>Funkspruch PR knows what is important when creating content. We take on all tasks in content marketing: from the editorial plan and article creation to translation, layout and the selection of suitable images. Funkspruch PR ensures that your brand message reaches your international target group!<\/p><p class=\"translation-block\"><strong><em>Do you want people to read your blog? <\/em><\/strong>Corporate communication is shifting more and more to the Internet because that is where the relevant target groups are and <strong>they are available 24 hours a day<\/strong>. Today, professional websites have their own <strong>knowledge area<\/strong> that <strong>accompanies your expertise<\/strong> at regular intervals. In addition, regular updates and good content contribute to the search engine optimization of your website and there are synergy effects for your social media or sales strategy. Funkspruch PR identifies your topics and <strong>prepares them in an appealing and understandable way.<\/strong> From finding topics, to editorial planning and text creation, to translation and publication, Funkspruch PR takes on all tasks relating to your international <strong>content marketing<\/strong>!<\/p><h2>Talk to us!<\/h2>\t\t\t\t\t\t\t\t<\/div>\n\t\t\t\t<\/div>\n\t\t\t\t\t<\/div>\n\t\t<\/div>\n\t\t\t\t<div class=\"elementor-column elementor-col-50 elementor-top-column elementor-element elementor-element-3a89e9b\" data-id=\"3a89e9b\" data-element_type=\"column\" data-e-type=\"column\">\n\t\t\t<div class=\"elementor-widget-wrap elementor-element-populated\">\n\t\t\t\t\t\t<div class=\"elementor-element elementor-element-7f7d090 elementor-widget elementor-widget-image\" data-id=\"7f7d090\" data-element_type=\"widget\" data-e-type=\"widget\" data-widget_type=\"image.default\">\n\t\t\t\t<div class=\"elementor-widget-container\">\n\t\t\t\t\t\t\t\t\t\t\t\t\t\t\t<img fetchpriority=\"high\" decoding=\"async\" width=\"1024\" height=\"768\" src=\"https:\/\/funkspruch-pr.de\/wp-content\/uploads\/2020\/09\/news-1172463_1920-1024x768.jpg\" class=\"attachment-large size-large wp-image-714\" alt=\"Litigation-PR: Medienecho\" srcset=\"https:\/\/funkspruch-pr.de\/wp-content\/uploads\/2020\/09\/news-1172463_1920-1024x768.jpg 1024w, https:\/\/funkspruch-pr.de\/wp-content\/uploads\/2020\/09\/news-1172463_1920-300x225.jpg 300w, https:\/\/funkspruch-pr.de\/wp-content\/uploads\/2020\/09\/news-1172463_1920-768x576.jpg 768w, https:\/\/funkspruch-pr.de\/wp-content\/uploads\/2020\/09\/news-1172463_1920-1536x1152.jpg 1536w, https:\/\/funkspruch-pr.de\/wp-content\/uploads\/2020\/09\/news-1172463_1920-507x380.jpg 507w, https:\/\/funkspruch-pr.de\/wp-content\/uploads\/2020\/09\/news-1172463_1920.jpg 1920w\" sizes=\"(max-width: 1024px) 100vw, 1024px\" \/>\t\t\t\t\t\t\t\t\t\t\t\t\t\t\t<\/div>\n\t\t\t\t<\/div>\n\t\t\t\t<div class=\"elementor-element elementor-element-01fe8d3 elementor-widget elementor-widget-image\" data-id=\"01fe8d3\" data-element_type=\"widget\" data-e-type=\"widget\" data-widget_type=\"image.default\">\n\t\t\t\t<div class=\"elementor-widget-container\">\n\t\t\t\t\t\t\t\t\t\t\t\t\t\t\t<img decoding=\"async\" width=\"1024\" height=\"683\" src=\"https:\/\/funkspruch-pr.de\/wp-content\/uploads\/2020\/01\/content-marketing-4111003_1920-1024x683.jpg\" class=\"attachment-large size-large wp-image-605\" alt=\"\" srcset=\"https:\/\/funkspruch-pr.de\/wp-content\/uploads\/2020\/01\/content-marketing-4111003_1920-1024x683.jpg 1024w, https:\/\/funkspruch-pr.de\/wp-content\/uploads\/2020\/01\/content-marketing-4111003_1920-300x200.jpg 300w, https:\/\/funkspruch-pr.de\/wp-content\/uploads\/2020\/01\/content-marketing-4111003_1920-768x512.jpg 768w, https:\/\/funkspruch-pr.de\/wp-content\/uploads\/2020\/01\/content-marketing-4111003_1920-1536x1024.jpg 1536w, https:\/\/funkspruch-pr.de\/wp-content\/uploads\/2020\/01\/content-marketing-4111003_1920-570x380.jpg 570w, https:\/\/funkspruch-pr.de\/wp-content\/uploads\/2020\/01\/content-marketing-4111003_1920.jpg 1920w\" sizes=\"(max-width: 1024px) 100vw, 1024px\" \/>\t\t\t\t\t\t\t\t\t\t\t\t\t\t\t<\/div>\n\t\t\t\t<\/div>\n\t\t\t\t\t<\/div>\n\t\t<\/div>\n\t\t\t\t\t<\/div>\n\t\t<\/section>\n\t\t\t\t<\/div>","protected":false},"excerpt":{"rendered":"<p>Content Marketing MEHRWERT F\u00dcR IHREN CONTENT Funkspruch PR steht f\u00fcr den guten Draht zur Zielgruppe Ihr Blog ben\u00f6tigt eine professionelle Redaktion? Funkspruch PR wei\u00df, worauf es bei der Content-Erstellung ankommt. Wir \u00fcbernehmen alle Aufgaben im Content Marketing: vom Redaktionsplan, \u00fcber die Artikelerstellung bis hin zu \u00dcbersetzung, Layout sowie der Auswahl&hellip;&nbsp;<a href=\"https:\/\/funkspruch-pr.de\/en\/leistungen-2\/content-markting\/\" rel=\"bookmark\">Read More &raquo;<span class=\"screen-reader-text\">Content Marketing<\/span><\/a><\/p>","protected":false},"author":1,"featured_media":196,"parent":83,"menu_order":4,"comment_status":"closed","ping_status":"closed","template":"elementor_header_footer","meta":{"neve_meta_sidebar":"","neve_meta_container":"","neve_meta_enable_content_width":"","neve_meta_content_width":0,"neve_meta_title_alignment":"","neve_meta_author_avatar":"","neve_post_elements_order":"","neve_meta_disable_header":"","neve_meta_disable_footer":"","neve_meta_disable_title":"","footnotes":""},"class_list":["post-211","page","type-page","status-publish","has-post-thumbnail","hentry"],"yoast_head":"<!-- This site is optimized with the Yoast SEO plugin v27.2 - https:\/\/yoast.com\/product\/yoast-seo-wordpress\/ -->\n<title>E-Magazin, Wissen, Corporate Blog I Content Marketing<\/title>\n<meta name=\"description\" content=\"Funkspruch PR ist Ihr Partner, wenn es um E-Magazine, Blogs, Newsletter, oder Wissensseiten geht. Flankeren Sie Ihre Expertise mit Content Marketing!\" \/>\n<meta name=\"robots\" content=\"index, follow, max-snippet:-1, max-image-preview:large, max-video-preview:-1\" \/>\n<link rel=\"canonical\" href=\"https:\/\/funkspruch-pr.de\/en\/leistungen-2\/content-markting\/\" \/>\n<meta property=\"og:locale\" content=\"en_US\" \/>\n<meta property=\"og:type\" content=\"article\" \/>\n<meta property=\"og:title\" content=\"E-Magazin, Wissen, Corporate Blog I Content Marketing\" \/>\n<meta property=\"og:description\" content=\"Funkspruch PR ist Ihr Partner, wenn es um E-Magazine, Blogs, Newsletter, oder Wissensseiten geht. Flankeren Sie Ihre Expertise mit Content Marketing!\" \/>\n<meta property=\"og:url\" content=\"https:\/\/funkspruch-pr.de\/en\/leistungen-2\/content-markting\/\" \/>\n<meta property=\"og:site_name\" content=\"Funkspruch PR\" \/>\n<meta property=\"article:modified_time\" content=\"2024-05-27T08:39:55+00:00\" \/>\n<meta property=\"og:image\" content=\"https:\/\/funkspruch-pr.de\/wp-content\/uploads\/2017\/04\/book-1659717-1024x588.jpg\" \/>\n\t<meta property=\"og:image:width\" content=\"1024\" \/>\n\t<meta property=\"og:image:height\" content=\"588\" \/>\n\t<meta property=\"og:image:type\" content=\"image\/jpeg\" \/>\n<meta name=\"twitter:card\" content=\"summary_large_image\" \/>\n<meta name=\"twitter:label1\" content=\"Est. reading time\" \/>\n\t<meta name=\"twitter:data1\" content=\"2 minutes\" \/>\n<script type=\"application\/ld+json\" class=\"yoast-schema-graph\">{\"@context\":\"https:\/\/schema.org\",\"@graph\":[{\"@type\":\"WebPage\",\"@id\":\"https:\/\/funkspruch-pr.de\/leistungen-2\/content-markting\/\",\"url\":\"https:\/\/funkspruch-pr.de\/leistungen-2\/content-markting\/\",\"name\":\"E-Magazin, Wissen, Corporate Blog I Content Marketing\",\"isPartOf\":{\"@id\":\"https:\/\/funkspruch-pr.de\/#website\"},\"primaryImageOfPage\":{\"@id\":\"https:\/\/funkspruch-pr.de\/leistungen-2\/content-markting\/#primaryimage\"},\"image\":{\"@id\":\"https:\/\/funkspruch-pr.de\/leistungen-2\/content-markting\/#primaryimage\"},\"thumbnailUrl\":\"https:\/\/funkspruch-pr.de\/wp-content\/uploads\/2017\/04\/book-1659717.jpg\",\"datePublished\":\"2017-04-13T11:58:01+00:00\",\"dateModified\":\"2024-05-27T08:39:55+00:00\",\"description\":\"Funkspruch PR ist Ihr Partner, wenn es um E-Magazine, Blogs, Newsletter, oder Wissensseiten geht. Flankeren Sie Ihre Expertise mit Content Marketing!\",\"breadcrumb\":{\"@id\":\"https:\/\/funkspruch-pr.de\/leistungen-2\/content-markting\/#breadcrumb\"},\"inLanguage\":\"en-US\",\"potentialAction\":[{\"@type\":\"ReadAction\",\"target\":[\"https:\/\/funkspruch-pr.de\/leistungen-2\/content-markting\/\"]}]},{\"@type\":\"ImageObject\",\"inLanguage\":\"en-US\",\"@id\":\"https:\/\/funkspruch-pr.de\/leistungen-2\/content-markting\/#primaryimage\",\"url\":\"https:\/\/funkspruch-pr.de\/wp-content\/uploads\/2017\/04\/book-1659717.jpg\",\"contentUrl\":\"https:\/\/funkspruch-pr.de\/wp-content\/uploads\/2017\/04\/book-1659717.jpg\",\"width\":4429,\"height\":2542},{\"@type\":\"BreadcrumbList\",\"@id\":\"https:\/\/funkspruch-pr.de\/leistungen-2\/content-markting\/#breadcrumb\",\"itemListElement\":[{\"@type\":\"ListItem\",\"position\":1,\"name\":\"Startseite\",\"item\":\"https:\/\/funkspruch-pr.de\/\"},{\"@type\":\"ListItem\",\"position\":2,\"name\":\"Leistungen\",\"item\":\"https:\/\/funkspruch-pr.de\/leistungen-2\/\"},{\"@type\":\"ListItem\",\"position\":3,\"name\":\"Content Marketing\"}]},{\"@type\":\"WebSite\",\"@id\":\"https:\/\/funkspruch-pr.de\/#website\",\"url\":\"https:\/\/funkspruch-pr.de\/\",\"name\":\"Funkspruch PR\",\"description\":\"Internationale PR, Social Media, Performance &amp; Content Marketing\",\"potentialAction\":[{\"@type\":\"SearchAction\",\"target\":{\"@type\":\"EntryPoint\",\"urlTemplate\":\"https:\/\/funkspruch-pr.de\/?s={search_term_string}\"},\"query-input\":{\"@type\":\"PropertyValueSpecification\",\"valueRequired\":true,\"valueName\":\"search_term_string\"}}],\"inLanguage\":\"en-US\"}]}<\/script>\n<!-- \/ Yoast SEO plugin. -->","yoast_head_json":{"title":"E-Magazin, Wissen, Corporate Blog I Content Marketing","description":"Funkspruch PR ist Ihr Partner, wenn es um E-Magazine, Blogs, Newsletter, oder Wissensseiten geht. Flankeren Sie Ihre Expertise mit Content Marketing!","robots":{"index":"index","follow":"follow","max-snippet":"max-snippet:-1","max-image-preview":"max-image-preview:large","max-video-preview":"max-video-preview:-1"},"canonical":"https:\/\/funkspruch-pr.de\/en\/leistungen-2\/content-markting\/","og_locale":"en_US","og_type":"article","og_title":"E-Magazin, Wissen, Corporate Blog I Content Marketing","og_description":"Funkspruch PR ist Ihr Partner, wenn es um E-Magazine, Blogs, Newsletter, oder Wissensseiten geht. Flankeren Sie Ihre Expertise mit Content Marketing!","og_url":"https:\/\/funkspruch-pr.de\/en\/leistungen-2\/content-markting\/","og_site_name":"Funkspruch PR","article_modified_time":"2024-05-27T08:39:55+00:00","og_image":[{"width":1024,"height":588,"url":"https:\/\/funkspruch-pr.de\/wp-content\/uploads\/2017\/04\/book-1659717-1024x588.jpg","type":"image\/jpeg"}],"twitter_card":"summary_large_image","twitter_misc":{"Est. reading time":"2 minutes"},"schema":{"@context":"https:\/\/schema.org","@graph":[{"@type":"WebPage","@id":"https:\/\/funkspruch-pr.de\/leistungen-2\/content-markting\/","url":"https:\/\/funkspruch-pr.de\/leistungen-2\/content-markting\/","name":"E-Magazin, Wissen, Corporate Blog I Content Marketing","isPartOf":{"@id":"https:\/\/funkspruch-pr.de\/#website"},"primaryImageOfPage":{"@id":"https:\/\/funkspruch-pr.de\/leistungen-2\/content-markting\/#primaryimage"},"image":{"@id":"https:\/\/funkspruch-pr.de\/leistungen-2\/content-markting\/#primaryimage"},"thumbnailUrl":"https:\/\/funkspruch-pr.de\/wp-content\/uploads\/2017\/04\/book-1659717.jpg","datePublished":"2017-04-13T11:58:01+00:00","dateModified":"2024-05-27T08:39:55+00:00","description":"Funkspruch PR ist Ihr Partner, wenn es um E-Magazine, Blogs, Newsletter, oder Wissensseiten geht. Flankeren Sie Ihre Expertise mit Content Marketing!","breadcrumb":{"@id":"https:\/\/funkspruch-pr.de\/leistungen-2\/content-markting\/#breadcrumb"},"inLanguage":"en-US","potentialAction":[{"@type":"ReadAction","target":["https:\/\/funkspruch-pr.de\/leistungen-2\/content-markting\/"]}]},{"@type":"ImageObject","inLanguage":"en-US","@id":"https:\/\/funkspruch-pr.de\/leistungen-2\/content-markting\/#primaryimage","url":"https:\/\/funkspruch-pr.de\/wp-content\/uploads\/2017\/04\/book-1659717.jpg","contentUrl":"https:\/\/funkspruch-pr.de\/wp-content\/uploads\/2017\/04\/book-1659717.jpg","width":4429,"height":2542},{"@type":"BreadcrumbList","@id":"https:\/\/funkspruch-pr.de\/leistungen-2\/content-markting\/#breadcrumb","itemListElement":[{"@type":"ListItem","position":1,"name":"Startseite","item":"https:\/\/funkspruch-pr.de\/"},{"@type":"ListItem","position":2,"name":"Leistungen","item":"https:\/\/funkspruch-pr.de\/leistungen-2\/"},{"@type":"ListItem","position":3,"name":"Content Marketing"}]},{"@type":"WebSite","@id":"https:\/\/funkspruch-pr.de\/#website","url":"https:\/\/funkspruch-pr.de\/","name":"Funkspruch PR","description":"Internationale PR, Social Media, Performance &amp; Content Marketing","potentialAction":[{"@type":"SearchAction","target":{"@type":"EntryPoint","urlTemplate":"https:\/\/funkspruch-pr.de\/?s={search_term_string}"},"query-input":{"@type":"PropertyValueSpecification","valueRequired":true,"valueName":"search_term_string"}}],"inLanguage":"en-US"}]}},"_links":{"self":[{"href":"https:\/\/funkspruch-pr.de\/en\/wp-json\/wp\/v2\/pages\/211","targetHints":{"allow":["GET"]}}],"collection":[{"href":"https:\/\/funkspruch-pr.de\/en\/wp-json\/wp\/v2\/pages"}],"about":[{"href":"https:\/\/funkspruch-pr.de\/en\/wp-json\/wp\/v2\/types\/page"}],"author":[{"embeddable":true,"href":"https:\/\/funkspruch-pr.de\/en\/wp-json\/wp\/v2\/users\/1"}],"replies":[{"embeddable":true,"href":"https:\/\/funkspruch-pr.de\/en\/wp-json\/wp\/v2\/comments?post=211"}],"version-history":[{"count":34,"href":"https:\/\/funkspruch-pr.de\/en\/wp-json\/wp\/v2\/pages\/211\/revisions"}],"predecessor-version":[{"id":1544,"href":"https:\/\/funkspruch-pr.de\/en\/wp-json\/wp\/v2\/pages\/211\/revisions\/1544"}],"up":[{"embeddable":true,"href":"https:\/\/funkspruch-pr.de\/en\/wp-json\/wp\/v2\/pages\/83"}],"wp:featuredmedia":[{"embeddable":true,"href":"https:\/\/funkspruch-pr.de\/en\/wp-json\/wp\/v2\/media\/196"}],"wp:attachment":[{"href":"https:\/\/funkspruch-pr.de\/en\/wp-json\/wp\/v2\/media?parent=211"}],"curies":[{"name":"wp","href":"https:\/\/api.w.org\/{rel}","templated":true}]}}