{"id":27,"date":"2016-12-19T19:13:08","date_gmt":"2016-12-19T19:13:08","guid":{"rendered":"http:\/\/funkspruch-pr.de\/?page_id=27"},"modified":"2024-05-27T08:29:52","modified_gmt":"2024-05-27T08:29:52","slug":"ueber-funkspruch-pr","status":"publish","type":"page","link":"https:\/\/funkspruch-pr.de\/en\/ueber-funkspruch-pr\/","title":{"rendered":"About Funkspruch PR"},"content":{"rendered":"<div data-elementor-type=\"wp-page\" data-elementor-id=\"27\" class=\"elementor elementor-27\">\n\t\t\t\t\t\t<section class=\"elementor-section elementor-top-section elementor-element elementor-element-ec79b0a elementor-section-boxed elementor-section-height-default elementor-section-height-default\" data-id=\"ec79b0a\" data-element_type=\"section\" data-e-type=\"section\" data-settings=\"{&quot;background_background&quot;:&quot;classic&quot;}\">\n\t\t\t\t\t\t\t<div class=\"elementor-background-overlay\"><\/div>\n\t\t\t\t\t\t\t<div class=\"elementor-container elementor-column-gap-default\">\n\t\t\t\t\t<div class=\"elementor-column elementor-col-100 elementor-top-column elementor-element elementor-element-a7d87b4\" data-id=\"a7d87b4\" data-element_type=\"column\" data-e-type=\"column\">\n\t\t\t<div class=\"elementor-widget-wrap elementor-element-populated\">\n\t\t\t\t\t\t<div class=\"elementor-element elementor-element-a131b03 animated-slow elementor-invisible elementor-widget elementor-widget-heading\" data-id=\"a131b03\" data-element_type=\"widget\" data-e-type=\"widget\" data-settings=\"{&quot;_animation&quot;:&quot;fadeIn&quot;}\" data-widget_type=\"heading.default\">\n\t\t\t\t<div class=\"elementor-widget-container\">\n\t\t\t\t\t<h1 class=\"elementor-heading-title elementor-size-default\">About Funkspruch PR<\/h1>\t\t\t\t<\/div>\n\t\t\t\t<\/div>\n\t\t\t\t\t<\/div>\n\t\t<\/div>\n\t\t\t\t\t<\/div>\n\t\t<\/section>\n\t\t\t\t<section class=\"elementor-section elementor-top-section elementor-element elementor-element-74008785 elementor-section-boxed elementor-section-height-default elementor-section-height-default\" data-id=\"74008785\" data-element_type=\"section\" data-e-type=\"section\">\n\t\t\t\t\t\t<div class=\"elementor-container elementor-column-gap-default\">\n\t\t\t\t\t<div class=\"elementor-column elementor-col-100 elementor-top-column elementor-element elementor-element-48d7615a\" data-id=\"48d7615a\" data-element_type=\"column\" data-e-type=\"column\">\n\t\t\t<div class=\"elementor-widget-wrap elementor-element-populated\">\n\t\t\t\t\t\t<div class=\"elementor-element elementor-element-5b665c2 elementor-widget elementor-widget-text-editor\" data-id=\"5b665c2\" data-element_type=\"widget\" data-e-type=\"widget\" data-widget_type=\"text-editor.default\">\n\t\t\t\t<div class=\"elementor-widget-container\">\n\t\t\t\t\t\t\t\t\t<h2 style=\"text-align: center;\">PRODUCTS THAT NEED EXPLANATION BROUGHT TO THE POINT<\/h2><h3 style=\"text-align: center;\">Precise, focused, international!<\/h3><p>The media world is fast-moving, and the communication channels through which we reach our target groups are changing at a rapid pace. The world is becoming smaller and boundaries are becoming blurred in global market events. Funkspruch PR is an international communication expert for products that require explanation. We get the message straight to the point and communicate in a targeted and focused manner with clearly defined target groups.<\/p>\t\t\t\t\t\t\t\t<\/div>\n\t\t\t\t<\/div>\n\t\t\t\t\t<\/div>\n\t\t<\/div>\n\t\t\t\t\t<\/div>\n\t\t<\/section>\n\t\t\t\t<section class=\"elementor-section elementor-top-section elementor-element elementor-element-0bac431 elementor-section-boxed elementor-section-height-default elementor-section-height-default\" data-id=\"0bac431\" data-element_type=\"section\" data-e-type=\"section\">\n\t\t\t\t\t\t<div class=\"elementor-container elementor-column-gap-default\">\n\t\t\t\t\t<div class=\"elementor-column elementor-col-50 elementor-top-column elementor-element elementor-element-a0f2319\" data-id=\"a0f2319\" data-element_type=\"column\" data-e-type=\"column\">\n\t\t\t<div class=\"elementor-widget-wrap elementor-element-populated\">\n\t\t\t\t\t\t<div class=\"elementor-element elementor-element-58e1079 elementor-widget elementor-widget-image\" data-id=\"58e1079\" data-element_type=\"widget\" data-e-type=\"widget\" data-widget_type=\"image.default\">\n\t\t\t\t<div class=\"elementor-widget-container\">\n\t\t\t\t\t\t\t\t\t\t\t\t\t\t\t<img fetchpriority=\"high\" decoding=\"async\" width=\"2560\" height=\"1708\" src=\"https:\/\/funkspruch-pr.de\/wp-content\/uploads\/2019\/11\/MNE06676-2-scaled.jpg\" class=\"attachment-full size-full wp-image-565\" alt=\"\" srcset=\"https:\/\/funkspruch-pr.de\/wp-content\/uploads\/2019\/11\/MNE06676-2-scaled.jpg 2560w, https:\/\/funkspruch-pr.de\/wp-content\/uploads\/2019\/11\/MNE06676-2-300x200.jpg 300w, https:\/\/funkspruch-pr.de\/wp-content\/uploads\/2019\/11\/MNE06676-2-1024x683.jpg 1024w, https:\/\/funkspruch-pr.de\/wp-content\/uploads\/2019\/11\/MNE06676-2-768x512.jpg 768w, https:\/\/funkspruch-pr.de\/wp-content\/uploads\/2019\/11\/MNE06676-2-1536x1025.jpg 1536w, https:\/\/funkspruch-pr.de\/wp-content\/uploads\/2019\/11\/MNE06676-2-2048x1366.jpg 2048w, https:\/\/funkspruch-pr.de\/wp-content\/uploads\/2019\/11\/MNE06676-2-570x380.jpg 570w\" sizes=\"(max-width: 2560px) 100vw, 2560px\" \/>\t\t\t\t\t\t\t\t\t\t\t\t\t\t\t<\/div>\n\t\t\t\t<\/div>\n\t\t\t\t\t<\/div>\n\t\t<\/div>\n\t\t\t\t<div class=\"elementor-column elementor-col-50 elementor-top-column elementor-element elementor-element-4e86157\" data-id=\"4e86157\" data-element_type=\"column\" data-e-type=\"column\">\n\t\t\t<div class=\"elementor-widget-wrap elementor-element-populated\">\n\t\t\t\t\t\t<div class=\"elementor-element elementor-element-fd3b893 elementor-widget elementor-widget-text-editor\" data-id=\"fd3b893\" data-element_type=\"widget\" data-e-type=\"widget\" data-widget_type=\"text-editor.default\">\n\t\t\t\t<div class=\"elementor-widget-container\">\n\t\t\t\t\t\t\t\t\t<div><div><h3>Passion for language meets communication practice<\/h3><p>Funkspruch PR brings complex connections into understandable language. Inherent passion for communication meets many years of practical experience, both on the company and agency side. Funkspruch PR relies on references from a variety of industry backgrounds: whether it be a production and industrial company, a logistics or health care company, an IT start-up or a publishing company - we are happy to put you in touch for personal recommendations.<\/p><\/div><\/div>\t\t\t\t\t\t\t\t<\/div>\n\t\t\t\t<\/div>\n\t\t\t\t\t<\/div>\n\t\t<\/div>\n\t\t\t\t\t<\/div>\n\t\t<\/section>\n\t\t\t\t<section class=\"elementor-section elementor-top-section elementor-element elementor-element-32ebfe1 elementor-section-boxed elementor-section-height-default elementor-section-height-default\" data-id=\"32ebfe1\" data-element_type=\"section\" data-e-type=\"section\">\n\t\t\t\t\t\t<div class=\"elementor-container elementor-column-gap-default\">\n\t\t\t\t\t<div class=\"elementor-column elementor-col-100 elementor-top-column elementor-element elementor-element-a8c4fee\" data-id=\"a8c4fee\" data-element_type=\"column\" data-e-type=\"column\">\n\t\t\t<div class=\"elementor-widget-wrap elementor-element-populated\">\n\t\t\t\t\t\t<div class=\"elementor-element elementor-element-6a145bb elementor-widget elementor-widget-text-editor\" data-id=\"6a145bb\" data-element_type=\"widget\" data-e-type=\"widget\" data-widget_type=\"text-editor.default\">\n\t\t\t\t<div class=\"elementor-widget-container\">\n\t\t\t\t\t\t\t\t\t<h3 class=\"translation-block\"><em>Word feeling<\/em>, digital know-how and a lot of network<\/h3><p class=\"translation-block\"><em>Funkspruch PR stands for a sophisticated sense of text:<\/em> Whether it's a press release, user report, blog, social media post or company brochure - we get to the heart of your messages in print and online! We combine technical understanding and fascination for the constant change in media with a large network of contacts in an international editorial and digital influencer environment - so that your messages reach!<\/p><p>Together with a network of freelance PR consultants, copywriters, graphic designers, translators and web designers, Funkspruch PR brings together many years of experience in professional PR and online marketing consulting: from press work, content marketing and search engine optimization to performance marketing and social media management.<\/p>\t\t\t\t\t\t\t\t<\/div>\n\t\t\t\t<\/div>\n\t\t\t\t\t<\/div>\n\t\t<\/div>\n\t\t\t\t\t<\/div>\n\t\t<\/section>\n\t\t\t\t<\/div>","protected":false},"excerpt":{"rendered":"<p>\u00dcber Funkspruch PR ERKL\u00c4RUNGSBED\u00dcRFTIGE PRODUKTE AUF DEN PUNKT GEBRACHT Pr\u00e4zise, fokussiert, international! Die mediale Welt ist schnelllebig, in rasantem Tempo ver\u00e4ndern sich die Kommunikationskan\u00e4le, \u00fcber die wir unsere Zielgruppen erreichen. Dabei wird die Welt kleiner und Grenzen verschwimmen im globalen Marktgeschehen. Funkspruch PR ist international aufgestellter Kommunikationsexperte f\u00fcr erkl\u00e4rungsbed\u00fcrftige Produkte.&hellip;&nbsp;<a href=\"https:\/\/funkspruch-pr.de\/en\/ueber-funkspruch-pr\/\" rel=\"bookmark\">Read More &raquo;<span class=\"screen-reader-text\">About Funkspruch PR<\/span><\/a><\/p>","protected":false},"author":1,"featured_media":162,"parent":0,"menu_order":4,"comment_status":"closed","ping_status":"closed","template":"elementor_header_footer","meta":{"neve_meta_sidebar":"","neve_meta_container":"","neve_meta_enable_content_width":"","neve_meta_content_width":0,"neve_meta_title_alignment":"","neve_meta_author_avatar":"","neve_post_elements_order":"","neve_meta_disable_header":"","neve_meta_disable_footer":"","neve_meta_disable_title":"","footnotes":""},"class_list":["post-27","page","type-page","status-publish","has-post-thumbnail","hentry"],"yoast_head":"<!-- This site is optimized with the Yoast SEO plugin v27.2 - https:\/\/yoast.com\/product\/yoast-seo-wordpress\/ -->\n<title>Unternehmensbotschaften auf den Punkt gebracht!<\/title>\n<meta name=\"description\" content=\"Funkspruch PR steht f\u00fcr pr\u00e4zise Botschaften auf den Punkt gebracht, gezielt kommuniziert und fokussiert \u00fcbermittelt an definierte Zielgruppen.\" \/>\n<meta name=\"robots\" content=\"index, follow, max-snippet:-1, max-image-preview:large, max-video-preview:-1\" \/>\n<link rel=\"canonical\" href=\"https:\/\/funkspruch-pr.de\/en\/ueber-funkspruch-pr\/\" \/>\n<meta property=\"og:locale\" content=\"en_US\" \/>\n<meta property=\"og:type\" content=\"article\" \/>\n<meta property=\"og:title\" content=\"Unternehmensbotschaften auf den Punkt gebracht!\" \/>\n<meta property=\"og:description\" content=\"Funkspruch PR steht f\u00fcr pr\u00e4zise Botschaften auf den Punkt gebracht, gezielt kommuniziert und fokussiert \u00fcbermittelt an definierte Zielgruppen.\" \/>\n<meta property=\"og:url\" content=\"https:\/\/funkspruch-pr.de\/en\/ueber-funkspruch-pr\/\" \/>\n<meta property=\"og:site_name\" content=\"Funkspruch PR\" \/>\n<meta property=\"article:modified_time\" content=\"2024-05-27T08:29:52+00:00\" \/>\n<meta property=\"og:image\" content=\"https:\/\/funkspruch-pr.de\/wp-content\/uploads\/2016\/12\/radio-masts-600837-1-e1484044123363.jpg\" \/>\n\t<meta property=\"og:image:width\" content=\"2334\" \/>\n\t<meta property=\"og:image:height\" content=\"1002\" \/>\n\t<meta property=\"og:image:type\" content=\"image\/jpeg\" \/>\n<meta name=\"twitter:card\" content=\"summary_large_image\" \/>\n<meta name=\"twitter:label1\" content=\"Est. reading time\" \/>\n\t<meta name=\"twitter:data1\" content=\"2 minutes\" \/>\n<script type=\"application\/ld+json\" class=\"yoast-schema-graph\">{\"@context\":\"https:\/\/schema.org\",\"@graph\":[{\"@type\":\"WebPage\",\"@id\":\"https:\/\/funkspruch-pr.de\/ueber-funkspruch-pr\/\",\"url\":\"https:\/\/funkspruch-pr.de\/ueber-funkspruch-pr\/\",\"name\":\"Unternehmensbotschaften auf den Punkt gebracht!\",\"isPartOf\":{\"@id\":\"https:\/\/funkspruch-pr.de\/#website\"},\"primaryImageOfPage\":{\"@id\":\"https:\/\/funkspruch-pr.de\/ueber-funkspruch-pr\/#primaryimage\"},\"image\":{\"@id\":\"https:\/\/funkspruch-pr.de\/ueber-funkspruch-pr\/#primaryimage\"},\"thumbnailUrl\":\"https:\/\/funkspruch-pr.de\/wp-content\/uploads\/2016\/12\/radio-masts-600837-1-e1484044123363.jpg\",\"datePublished\":\"2016-12-19T19:13:08+00:00\",\"dateModified\":\"2024-05-27T08:29:52+00:00\",\"description\":\"Funkspruch PR steht f\u00fcr pr\u00e4zise Botschaften auf den Punkt gebracht, gezielt kommuniziert und fokussiert \u00fcbermittelt an definierte Zielgruppen.\",\"breadcrumb\":{\"@id\":\"https:\/\/funkspruch-pr.de\/ueber-funkspruch-pr\/#breadcrumb\"},\"inLanguage\":\"en-US\",\"potentialAction\":[{\"@type\":\"ReadAction\",\"target\":[\"https:\/\/funkspruch-pr.de\/ueber-funkspruch-pr\/\"]}]},{\"@type\":\"ImageObject\",\"inLanguage\":\"en-US\",\"@id\":\"https:\/\/funkspruch-pr.de\/ueber-funkspruch-pr\/#primaryimage\",\"url\":\"https:\/\/funkspruch-pr.de\/wp-content\/uploads\/2016\/12\/radio-masts-600837-1-e1484044123363.jpg\",\"contentUrl\":\"https:\/\/funkspruch-pr.de\/wp-content\/uploads\/2016\/12\/radio-masts-600837-1-e1484044123363.jpg\",\"width\":2334,\"height\":1002},{\"@type\":\"BreadcrumbList\",\"@id\":\"https:\/\/funkspruch-pr.de\/ueber-funkspruch-pr\/#breadcrumb\",\"itemListElement\":[{\"@type\":\"ListItem\",\"position\":1,\"name\":\"Startseite\",\"item\":\"https:\/\/funkspruch-pr.de\/\"},{\"@type\":\"ListItem\",\"position\":2,\"name\":\"\u00dcber Funkspruch PR\"}]},{\"@type\":\"WebSite\",\"@id\":\"https:\/\/funkspruch-pr.de\/#website\",\"url\":\"https:\/\/funkspruch-pr.de\/\",\"name\":\"Funkspruch PR\",\"description\":\"Internationale PR, Social Media, Performance &amp; Content Marketing\",\"potentialAction\":[{\"@type\":\"SearchAction\",\"target\":{\"@type\":\"EntryPoint\",\"urlTemplate\":\"https:\/\/funkspruch-pr.de\/?s={search_term_string}\"},\"query-input\":{\"@type\":\"PropertyValueSpecification\",\"valueRequired\":true,\"valueName\":\"search_term_string\"}}],\"inLanguage\":\"en-US\"}]}<\/script>\n<!-- \/ Yoast SEO plugin. -->","yoast_head_json":{"title":"Unternehmensbotschaften auf den Punkt gebracht!","description":"Funkspruch PR steht f\u00fcr pr\u00e4zise Botschaften auf den Punkt gebracht, gezielt kommuniziert und fokussiert \u00fcbermittelt an definierte Zielgruppen.","robots":{"index":"index","follow":"follow","max-snippet":"max-snippet:-1","max-image-preview":"max-image-preview:large","max-video-preview":"max-video-preview:-1"},"canonical":"https:\/\/funkspruch-pr.de\/en\/ueber-funkspruch-pr\/","og_locale":"en_US","og_type":"article","og_title":"Unternehmensbotschaften auf den Punkt gebracht!","og_description":"Funkspruch PR steht f\u00fcr pr\u00e4zise Botschaften auf den Punkt gebracht, gezielt kommuniziert und fokussiert \u00fcbermittelt an definierte Zielgruppen.","og_url":"https:\/\/funkspruch-pr.de\/en\/ueber-funkspruch-pr\/","og_site_name":"Funkspruch PR","article_modified_time":"2024-05-27T08:29:52+00:00","og_image":[{"width":2334,"height":1002,"url":"https:\/\/funkspruch-pr.de\/wp-content\/uploads\/2016\/12\/radio-masts-600837-1-e1484044123363.jpg","type":"image\/jpeg"}],"twitter_card":"summary_large_image","twitter_misc":{"Est. reading time":"2 minutes"},"schema":{"@context":"https:\/\/schema.org","@graph":[{"@type":"WebPage","@id":"https:\/\/funkspruch-pr.de\/ueber-funkspruch-pr\/","url":"https:\/\/funkspruch-pr.de\/ueber-funkspruch-pr\/","name":"Unternehmensbotschaften auf den Punkt gebracht!","isPartOf":{"@id":"https:\/\/funkspruch-pr.de\/#website"},"primaryImageOfPage":{"@id":"https:\/\/funkspruch-pr.de\/ueber-funkspruch-pr\/#primaryimage"},"image":{"@id":"https:\/\/funkspruch-pr.de\/ueber-funkspruch-pr\/#primaryimage"},"thumbnailUrl":"https:\/\/funkspruch-pr.de\/wp-content\/uploads\/2016\/12\/radio-masts-600837-1-e1484044123363.jpg","datePublished":"2016-12-19T19:13:08+00:00","dateModified":"2024-05-27T08:29:52+00:00","description":"Funkspruch PR steht f\u00fcr pr\u00e4zise Botschaften auf den Punkt gebracht, gezielt kommuniziert und fokussiert \u00fcbermittelt an definierte Zielgruppen.","breadcrumb":{"@id":"https:\/\/funkspruch-pr.de\/ueber-funkspruch-pr\/#breadcrumb"},"inLanguage":"en-US","potentialAction":[{"@type":"ReadAction","target":["https:\/\/funkspruch-pr.de\/ueber-funkspruch-pr\/"]}]},{"@type":"ImageObject","inLanguage":"en-US","@id":"https:\/\/funkspruch-pr.de\/ueber-funkspruch-pr\/#primaryimage","url":"https:\/\/funkspruch-pr.de\/wp-content\/uploads\/2016\/12\/radio-masts-600837-1-e1484044123363.jpg","contentUrl":"https:\/\/funkspruch-pr.de\/wp-content\/uploads\/2016\/12\/radio-masts-600837-1-e1484044123363.jpg","width":2334,"height":1002},{"@type":"BreadcrumbList","@id":"https:\/\/funkspruch-pr.de\/ueber-funkspruch-pr\/#breadcrumb","itemListElement":[{"@type":"ListItem","position":1,"name":"Startseite","item":"https:\/\/funkspruch-pr.de\/"},{"@type":"ListItem","position":2,"name":"\u00dcber Funkspruch PR"}]},{"@type":"WebSite","@id":"https:\/\/funkspruch-pr.de\/#website","url":"https:\/\/funkspruch-pr.de\/","name":"Funkspruch PR","description":"Internationale PR, Social Media, Performance &amp; Content Marketing","potentialAction":[{"@type":"SearchAction","target":{"@type":"EntryPoint","urlTemplate":"https:\/\/funkspruch-pr.de\/?s={search_term_string}"},"query-input":{"@type":"PropertyValueSpecification","valueRequired":true,"valueName":"search_term_string"}}],"inLanguage":"en-US"}]}},"_links":{"self":[{"href":"https:\/\/funkspruch-pr.de\/en\/wp-json\/wp\/v2\/pages\/27","targetHints":{"allow":["GET"]}}],"collection":[{"href":"https:\/\/funkspruch-pr.de\/en\/wp-json\/wp\/v2\/pages"}],"about":[{"href":"https:\/\/funkspruch-pr.de\/en\/wp-json\/wp\/v2\/types\/page"}],"author":[{"embeddable":true,"href":"https:\/\/funkspruch-pr.de\/en\/wp-json\/wp\/v2\/users\/1"}],"replies":[{"embeddable":true,"href":"https:\/\/funkspruch-pr.de\/en\/wp-json\/wp\/v2\/comments?post=27"}],"version-history":[{"count":57,"href":"https:\/\/funkspruch-pr.de\/en\/wp-json\/wp\/v2\/pages\/27\/revisions"}],"predecessor-version":[{"id":1529,"href":"https:\/\/funkspruch-pr.de\/en\/wp-json\/wp\/v2\/pages\/27\/revisions\/1529"}],"wp:featuredmedia":[{"embeddable":true,"href":"https:\/\/funkspruch-pr.de\/en\/wp-json\/wp\/v2\/media\/162"}],"wp:attachment":[{"href":"https:\/\/funkspruch-pr.de\/en\/wp-json\/wp\/v2\/media?parent=27"}],"curies":[{"name":"wp","href":"https:\/\/api.w.org\/{rel}","templated":true}]}}