{"id":83,"date":"2017-01-06T08:29:31","date_gmt":"2017-01-06T08:29:31","guid":{"rendered":"http:\/\/funkspruch-pr.de\/?page_id=83"},"modified":"2023-05-17T08:38:06","modified_gmt":"2023-05-17T08:38:06","slug":"leistungen-2","status":"publish","type":"page","link":"https:\/\/funkspruch-pr.de\/en\/leistungen-2\/","title":{"rendered":"Services"},"content":{"rendered":"<div data-elementor-type=\"wp-page\" data-elementor-id=\"83\" class=\"elementor elementor-83\">\n\t\t\t\t\t\t<section class=\"elementor-section elementor-top-section elementor-element elementor-element-736348a elementor-section-boxed elementor-section-height-default elementor-section-height-default\" data-id=\"736348a\" data-element_type=\"section\" data-e-type=\"section\" data-settings=\"{&quot;background_background&quot;:&quot;classic&quot;}\">\n\t\t\t\t\t\t\t<div class=\"elementor-background-overlay\"><\/div>\n\t\t\t\t\t\t\t<div class=\"elementor-container elementor-column-gap-default\">\n\t\t\t\t\t<div class=\"elementor-column elementor-col-100 elementor-top-column elementor-element elementor-element-108540a\" data-id=\"108540a\" data-element_type=\"column\" data-e-type=\"column\">\n\t\t\t<div class=\"elementor-widget-wrap elementor-element-populated\">\n\t\t\t\t\t\t<div class=\"elementor-element elementor-element-ee99890 animated-slow elementor-invisible elementor-widget elementor-widget-heading\" data-id=\"ee99890\" data-element_type=\"widget\" data-e-type=\"widget\" data-settings=\"{&quot;_animation&quot;:&quot;fadeIn&quot;}\" data-widget_type=\"heading.default\">\n\t\t\t\t<div class=\"elementor-widget-container\">\n\t\t\t\t\t<h1 class=\"elementor-heading-title elementor-size-default\">Services<\/h1>\t\t\t\t<\/div>\n\t\t\t\t<\/div>\n\t\t\t\t\t<\/div>\n\t\t<\/div>\n\t\t\t\t\t<\/div>\n\t\t<\/section>\n\t\t\t\t<section class=\"elementor-section elementor-top-section elementor-element elementor-element-dcff10a elementor-section-boxed elementor-section-height-default elementor-section-height-default\" data-id=\"dcff10a\" data-element_type=\"section\" data-e-type=\"section\">\n\t\t\t\t\t\t<div class=\"elementor-container elementor-column-gap-default\">\n\t\t\t\t\t<div class=\"elementor-column elementor-col-100 elementor-top-column elementor-element elementor-element-0a53f35\" data-id=\"0a53f35\" data-element_type=\"column\" data-e-type=\"column\">\n\t\t\t<div class=\"elementor-widget-wrap elementor-element-populated\">\n\t\t\t\t\t\t<div class=\"elementor-element elementor-element-c99cf62 elementor-widget elementor-widget-heading\" data-id=\"c99cf62\" data-element_type=\"widget\" data-e-type=\"widget\" data-widget_type=\"heading.default\">\n\t\t\t\t<div class=\"elementor-widget-container\">\n\t\t\t\t\t<h2 class=\"elementor-heading-title elementor-size-default\"><p>\u2013 <span style=\"color: var( --e-global-color-primary );font-family: var( --e-global-typography-primary-font-family ), Sans-serif;font-size: var(--h2fontsize);font-weight: var( --e-global-typography-primary-font-weight );letter-spacing: var(--h2letterspacing);text-transform: var(--h2texttransform);background-color: var(--nv-site-bg)\">COMMUNICATION FOR PRODUCTS THAT REQUIRE EXPLANATION <\/span><span style=\"color: var( --e-global-color-primary );font-family: var( --e-global-typography-primary-font-family ), Sans-serif;font-size: var(--h2fontsize);font-weight: var( --e-global-typography-primary-font-weight );letter-spacing: var(--h2letterspacing);text-transform: var(--h2texttransform);background-color: var(--nv-site-bg)\">\u2013<\/span><span style=\"color: var( --e-global-color-primary );font-size: var(--h2fontsize);letter-spacing: var(--h2letterspacing);text-transform: var(--h2texttransform);background-color: var(--nv-site-bg)\"><\/span><\/p><\/h2>\t\t\t\t<\/div>\n\t\t\t\t<\/div>\n\t\t\t\t<div class=\"elementor-element elementor-element-207e9ff elementor-widget-divider--view-line elementor-widget elementor-widget-divider\" data-id=\"207e9ff\" data-element_type=\"widget\" data-e-type=\"widget\" data-widget_type=\"divider.default\">\n\t\t\t\t<div class=\"elementor-widget-container\">\n\t\t\t\t\t\t\t<div class=\"elementor-divider\">\n\t\t\t<span class=\"elementor-divider-separator\">\n\t\t\t\t\t\t<\/span>\n\t\t<\/div>\n\t\t\t\t\t\t<\/div>\n\t\t\t\t<\/div>\n\t\t\t\t\t<\/div>\n\t\t<\/div>\n\t\t\t\t\t<\/div>\n\t\t<\/section>\n\t\t\t\t<section class=\"elementor-section elementor-top-section elementor-element elementor-element-695a238 elementor-section-boxed elementor-section-height-default elementor-section-height-default\" data-id=\"695a238\" data-element_type=\"section\" data-e-type=\"section\">\n\t\t\t\t\t\t<div class=\"elementor-container elementor-column-gap-default\">\n\t\t\t\t\t<div class=\"elementor-column elementor-col-100 elementor-top-column elementor-element elementor-element-4a04692\" data-id=\"4a04692\" data-element_type=\"column\" data-e-type=\"column\">\n\t\t\t<div class=\"elementor-widget-wrap elementor-element-populated\">\n\t\t\t\t\t\t<section class=\"elementor-section elementor-inner-section elementor-element elementor-element-0ca89f4 elementor-section-boxed elementor-section-height-default elementor-section-height-default\" data-id=\"0ca89f4\" data-element_type=\"section\" data-e-type=\"section\">\n\t\t\t\t\t\t<div class=\"elementor-container elementor-column-gap-default\">\n\t\t\t\t\t<div class=\"elementor-column elementor-col-25 elementor-inner-column elementor-element elementor-element-a9371ec\" data-id=\"a9371ec\" data-element_type=\"column\" data-e-type=\"column\">\n\t\t\t<div class=\"elementor-widget-wrap elementor-element-populated\">\n\t\t\t\t\t\t<div class=\"elementor-element elementor-element-c54aef9 elementor-view-stacked elementor-shape-circle elementor-position-block-start elementor-mobile-position-block-start elementor-widget elementor-widget-icon-box\" data-id=\"c54aef9\" data-element_type=\"widget\" data-e-type=\"widget\" data-widget_type=\"icon-box.default\">\n\t\t\t\t<div class=\"elementor-widget-container\">\n\t\t\t\t\t\t\t<div class=\"elementor-icon-box-wrapper\">\n\n\t\t\t\t\t\t<div class=\"elementor-icon-box-icon\">\n\t\t\t\t<a href=\"\/en\/leistungen-2\/public-relations\/\" class=\"elementor-icon\" tabindex=\"-1\" aria-label=\"Public &lt;br&gt; Relations\">\n\t\t\t\t<i aria-hidden=\"true\" class=\"far fa-envelope-open\"><\/i>\t\t\t\t<\/a>\n\t\t\t<\/div>\n\t\t\t\n\t\t\t\t\t\t<div class=\"elementor-icon-box-content\">\n\n\t\t\t\t\t\t\t\t\t<h3 class=\"elementor-icon-box-title\">\n\t\t\t\t\t\t<a href=\"\/en\/leistungen-2\/public-relations\/\" >\n\t\t\t\t\t\t\tPublic <br> Relations\t\t\t\t\t\t<\/a>\n\t\t\t\t\t<\/h3>\n\t\t\t\t\n\t\t\t\t\n\t\t\t<\/div>\n\t\t\t\n\t\t<\/div>\n\t\t\t\t\t\t<\/div>\n\t\t\t\t<\/div>\n\t\t\t\t\t<\/div>\n\t\t<\/div>\n\t\t\t\t<div class=\"elementor-column elementor-col-25 elementor-inner-column elementor-element elementor-element-9a248af\" data-id=\"9a248af\" data-element_type=\"column\" data-e-type=\"column\">\n\t\t\t<div class=\"elementor-widget-wrap elementor-element-populated\">\n\t\t\t\t\t\t<div class=\"elementor-element elementor-element-80e61e8 elementor-view-stacked elementor-shape-circle elementor-position-block-start elementor-mobile-position-block-start elementor-widget elementor-widget-icon-box\" data-id=\"80e61e8\" data-element_type=\"widget\" data-e-type=\"widget\" data-widget_type=\"icon-box.default\">\n\t\t\t\t<div class=\"elementor-widget-container\">\n\t\t\t\t\t\t\t<div class=\"elementor-icon-box-wrapper\">\n\n\t\t\t\t\t\t<div class=\"elementor-icon-box-icon\">\n\t\t\t\t<a href=\"\/en\/leistungen-2\/social-media-relations-influencer-marketing\/\" class=\"elementor-icon\" tabindex=\"-1\" aria-label=\"Social Media &lt;br&gt; Relations\">\n\t\t\t\t<i aria-hidden=\"true\" class=\"fab fa-facebook-f\"><\/i>\t\t\t\t<\/a>\n\t\t\t<\/div>\n\t\t\t\n\t\t\t\t\t\t<div class=\"elementor-icon-box-content\">\n\n\t\t\t\t\t\t\t\t\t<h3 class=\"elementor-icon-box-title\">\n\t\t\t\t\t\t<a href=\"\/en\/leistungen-2\/social-media-relations-influencer-marketing\/\" >\n\t\t\t\t\t\t\tSocial Media <br> Relations\t\t\t\t\t\t<\/a>\n\t\t\t\t\t<\/h3>\n\t\t\t\t\n\t\t\t\t\n\t\t\t<\/div>\n\t\t\t\n\t\t<\/div>\n\t\t\t\t\t\t<\/div>\n\t\t\t\t<\/div>\n\t\t\t\t\t<\/div>\n\t\t<\/div>\n\t\t\t\t<div class=\"elementor-column elementor-col-25 elementor-inner-column elementor-element elementor-element-ea4db06\" data-id=\"ea4db06\" data-element_type=\"column\" data-e-type=\"column\">\n\t\t\t<div class=\"elementor-widget-wrap elementor-element-populated\">\n\t\t\t\t\t\t<div class=\"elementor-element elementor-element-4fc22f8 elementor-view-stacked elementor-shape-circle elementor-position-block-start elementor-mobile-position-block-start elementor-widget elementor-widget-icon-box\" data-id=\"4fc22f8\" data-element_type=\"widget\" data-e-type=\"widget\" data-widget_type=\"icon-box.default\">\n\t\t\t\t<div class=\"elementor-widget-container\">\n\t\t\t\t\t\t\t<div class=\"elementor-icon-box-wrapper\">\n\n\t\t\t\t\t\t<div class=\"elementor-icon-box-icon\">\n\t\t\t\t<a href=\"\/en\/leistungen-2\/suchmaschinenoptimierung\/\" class=\"elementor-icon\" tabindex=\"-1\" aria-label=\"Content &lt;br&gt; Marketing\">\n\t\t\t\t<i aria-hidden=\"true\" class=\"fas fa-text-width\"><\/i>\t\t\t\t<\/a>\n\t\t\t<\/div>\n\t\t\t\n\t\t\t\t\t\t<div class=\"elementor-icon-box-content\">\n\n\t\t\t\t\t\t\t\t\t<h3 class=\"elementor-icon-box-title\">\n\t\t\t\t\t\t<a href=\"\/en\/leistungen-2\/suchmaschinenoptimierung\/\" >\n\t\t\t\t\t\t\tContent <br> Marketing\t\t\t\t\t\t<\/a>\n\t\t\t\t\t<\/h3>\n\t\t\t\t\n\t\t\t\t\n\t\t\t<\/div>\n\t\t\t\n\t\t<\/div>\n\t\t\t\t\t\t<\/div>\n\t\t\t\t<\/div>\n\t\t\t\t\t<\/div>\n\t\t<\/div>\n\t\t\t\t<div class=\"elementor-column elementor-col-25 elementor-inner-column elementor-element elementor-element-7e372d4\" data-id=\"7e372d4\" data-element_type=\"column\" data-e-type=\"column\">\n\t\t\t<div class=\"elementor-widget-wrap elementor-element-populated\">\n\t\t\t\t\t\t<div class=\"elementor-element elementor-element-d020b14 elementor-view-stacked elementor-shape-circle elementor-position-block-start elementor-mobile-position-block-start elementor-widget elementor-widget-icon-box\" data-id=\"d020b14\" data-element_type=\"widget\" data-e-type=\"widget\" data-widget_type=\"icon-box.default\">\n\t\t\t\t<div class=\"elementor-widget-container\">\n\t\t\t\t\t\t\t<div class=\"elementor-icon-box-wrapper\">\n\n\t\t\t\t\t\t<div class=\"elementor-icon-box-icon\">\n\t\t\t\t<a href=\"\/en\/leistungen-2\/content-markting\/\" class=\"elementor-icon\" tabindex=\"-1\" aria-label=\"Performance &lt;br&gt; Marketing\">\n\t\t\t\t<i aria-hidden=\"true\" class=\"fas fa-circle-notch\"><\/i>\t\t\t\t<\/a>\n\t\t\t<\/div>\n\t\t\t\n\t\t\t\t\t\t<div class=\"elementor-icon-box-content\">\n\n\t\t\t\t\t\t\t\t\t<h3 class=\"elementor-icon-box-title\">\n\t\t\t\t\t\t<a href=\"\/en\/leistungen-2\/content-markting\/\" >\n\t\t\t\t\t\t\tPerformance <br> Marketing\t\t\t\t\t\t<\/a>\n\t\t\t\t\t<\/h3>\n\t\t\t\t\n\t\t\t\t\n\t\t\t<\/div>\n\t\t\t\n\t\t<\/div>\n\t\t\t\t\t\t<\/div>\n\t\t\t\t<\/div>\n\t\t\t\t\t<\/div>\n\t\t<\/div>\n\t\t\t\t\t<\/div>\n\t\t<\/section>\n\t\t\t\t<div class=\"elementor-element elementor-element-d367835 elementor-widget-divider--view-line elementor-widget elementor-widget-divider\" data-id=\"d367835\" data-element_type=\"widget\" data-e-type=\"widget\" data-widget_type=\"divider.default\">\n\t\t\t\t<div class=\"elementor-widget-container\">\n\t\t\t\t\t\t\t<div class=\"elementor-divider\">\n\t\t\t<span class=\"elementor-divider-separator\">\n\t\t\t\t\t\t<\/span>\n\t\t<\/div>\n\t\t\t\t\t\t<\/div>\n\t\t\t\t<\/div>\n\t\t\t\t\t<\/div>\n\t\t<\/div>\n\t\t\t\t\t<\/div>\n\t\t<\/section>\n\t\t\t\t<section class=\"elementor-section elementor-top-section elementor-element elementor-element-79422a3 elementor-section-boxed elementor-section-height-default elementor-section-height-default\" data-id=\"79422a3\" data-element_type=\"section\" data-e-type=\"section\">\n\t\t\t\t\t\t<div class=\"elementor-container elementor-column-gap-default\">\n\t\t\t\t\t<div class=\"elementor-column elementor-col-100 elementor-top-column elementor-element elementor-element-dea29b6\" data-id=\"dea29b6\" data-element_type=\"column\" data-e-type=\"column\" data-settings=\"{&quot;background_background&quot;:&quot;classic&quot;}\">\n\t\t\t<div class=\"elementor-widget-wrap elementor-element-populated\">\n\t\t\t\t\t<div class=\"elementor-background-overlay\"><\/div>\n\t\t\t\t\t\t<div class=\"elementor-element elementor-element-bde72a2 elementor-widget elementor-widget-heading\" data-id=\"bde72a2\" data-element_type=\"widget\" data-e-type=\"widget\" data-widget_type=\"heading.default\">\n\t\t\t\t<div class=\"elementor-widget-container\">\n\t\t\t\t\t<h2 class=\"elementor-heading-title elementor-size-default translation-block\">Showcase your <br> strengths!<\/h2>\t\t\t\t<\/div>\n\t\t\t\t<\/div>\n\t\t\t\t<div class=\"elementor-element elementor-element-0b22461 elementor-align-center elementor-widget elementor-widget-button\" data-id=\"0b22461\" data-element_type=\"widget\" data-e-type=\"widget\" data-widget_type=\"button.default\">\n\t\t\t\t<div class=\"elementor-widget-container\">\n\t\t\t\t\t\t\t\t\t<div class=\"elementor-button-wrapper\">\n\t\t\t\t\t<a class=\"elementor-button elementor-button-link elementor-size-lg\" href=\"\/en\/kontakt\/\">\n\t\t\t\t\t\t<span class=\"elementor-button-content-wrapper\">\n\t\t\t\t\t\t\t\t\t<span class=\"elementor-button-text\">Contact now<\/span>\n\t\t\t\t\t<\/span>\n\t\t\t\t\t<\/a>\n\t\t\t\t<\/div>\n\t\t\t\t\t\t\t\t<\/div>\n\t\t\t\t<\/div>\n\t\t\t\t\t<\/div>\n\t\t<\/div>\n\t\t\t\t\t<\/div>\n\t\t<\/section>\n\t\t\t\t<\/div>","protected":false},"excerpt":{"rendered":"<p>Leistungen \u2013 KOMMUNIKATION F\u00dcR ERKL\u00c4RUNGSBED\u00dcRFTIGE PRODUKTE \u2013 Public Relations Social Media Relations Content Marketing Performance Marketing Setzen Sie Ihre St\u00e4rke in Szene! Jetzt Kontaktieren<\/p>","protected":false},"author":1,"featured_media":777,"parent":0,"menu_order":2,"comment_status":"closed","ping_status":"closed","template":"elementor_header_footer","meta":{"neve_meta_sidebar":"","neve_meta_container":"","neve_meta_enable_content_width":"","neve_meta_content_width":0,"neve_meta_title_alignment":"","neve_meta_author_avatar":"","neve_post_elements_order":"","neve_meta_disable_header":"","neve_meta_disable_footer":"","neve_meta_disable_title":"","footnotes":""},"class_list":["post-83","page","type-page","status-publish","has-post-thumbnail","hentry"],"yoast_head":"<!-- This site is optimized with the Yoast SEO plugin v27.5 - https:\/\/yoast.com\/product\/yoast-seo-wordpress\/ -->\n<title>Funkspruch PR | Professionelle Kommunikation in Print und Online<\/title>\n<meta name=\"description\" content=\"Unsere Leistungen: Public Relations, Mediaplanung, Suchmaschinenoptimierung, Online-Marketing, Social Media Relations &amp; Influencer Marketing\" \/>\n<meta name=\"robots\" content=\"index, follow, max-snippet:-1, max-image-preview:large, max-video-preview:-1\" \/>\n<link rel=\"canonical\" href=\"https:\/\/funkspruch-pr.de\/en\/leistungen-2\/\" \/>\n<meta property=\"og:locale\" content=\"en_US\" \/>\n<meta property=\"og:type\" content=\"article\" \/>\n<meta property=\"og:title\" content=\"Funkspruch PR | Professionelle Kommunikation in Print und Online\" \/>\n<meta property=\"og:description\" content=\"Unsere Leistungen: Public Relations, Mediaplanung, Suchmaschinenoptimierung, Online-Marketing, Social Media Relations &amp; Influencer Marketing\" \/>\n<meta property=\"og:url\" content=\"https:\/\/funkspruch-pr.de\/en\/leistungen-2\/\" \/>\n<meta property=\"og:site_name\" content=\"Funkspruch PR\" \/>\n<meta property=\"article:modified_time\" content=\"2023-05-17T08:38:06+00:00\" \/>\n<meta property=\"og:image\" content=\"https:\/\/funkspruch-pr.de\/wp-content\/uploads\/2021\/05\/success-2081168_1280.jpg\" \/>\n\t<meta property=\"og:image:width\" content=\"1280\" \/>\n\t<meta property=\"og:image:height\" content=\"720\" \/>\n\t<meta property=\"og:image:type\" content=\"image\/jpeg\" \/>\n<meta name=\"twitter:card\" content=\"summary_large_image\" \/>\n<meta name=\"twitter:label1\" content=\"Est. reading time\" \/>\n\t<meta name=\"twitter:data1\" content=\"1 minute\" \/>\n<script type=\"application\/ld+json\" class=\"yoast-schema-graph\">{\"@context\":\"https:\\\/\\\/schema.org\",\"@graph\":[{\"@type\":\"WebPage\",\"@id\":\"https:\\\/\\\/funkspruch-pr.de\\\/leistungen-2\\\/\",\"url\":\"https:\\\/\\\/funkspruch-pr.de\\\/leistungen-2\\\/\",\"name\":\"Funkspruch PR | Professionelle Kommunikation in Print und Online\",\"isPartOf\":{\"@id\":\"https:\\\/\\\/funkspruch-pr.de\\\/#website\"},\"primaryImageOfPage\":{\"@id\":\"https:\\\/\\\/funkspruch-pr.de\\\/leistungen-2\\\/#primaryimage\"},\"image\":{\"@id\":\"https:\\\/\\\/funkspruch-pr.de\\\/leistungen-2\\\/#primaryimage\"},\"thumbnailUrl\":\"https:\\\/\\\/funkspruch-pr.de\\\/wp-content\\\/uploads\\\/2021\\\/05\\\/success-2081168_1280.jpg\",\"datePublished\":\"2017-01-06T08:29:31+00:00\",\"dateModified\":\"2023-05-17T08:38:06+00:00\",\"description\":\"Unsere Leistungen: Public Relations, Mediaplanung, Suchmaschinenoptimierung, Online-Marketing, Social Media Relations & Influencer Marketing\",\"breadcrumb\":{\"@id\":\"https:\\\/\\\/funkspruch-pr.de\\\/leistungen-2\\\/#breadcrumb\"},\"inLanguage\":\"en-US\",\"potentialAction\":[{\"@type\":\"ReadAction\",\"target\":[\"https:\\\/\\\/funkspruch-pr.de\\\/leistungen-2\\\/\"]}]},{\"@type\":\"ImageObject\",\"inLanguage\":\"en-US\",\"@id\":\"https:\\\/\\\/funkspruch-pr.de\\\/leistungen-2\\\/#primaryimage\",\"url\":\"https:\\\/\\\/funkspruch-pr.de\\\/wp-content\\\/uploads\\\/2021\\\/05\\\/success-2081168_1280.jpg\",\"contentUrl\":\"https:\\\/\\\/funkspruch-pr.de\\\/wp-content\\\/uploads\\\/2021\\\/05\\\/success-2081168_1280.jpg\",\"width\":1280,\"height\":720},{\"@type\":\"BreadcrumbList\",\"@id\":\"https:\\\/\\\/funkspruch-pr.de\\\/leistungen-2\\\/#breadcrumb\",\"itemListElement\":[{\"@type\":\"ListItem\",\"position\":1,\"name\":\"Startseite\",\"item\":\"https:\\\/\\\/funkspruch-pr.de\\\/\"},{\"@type\":\"ListItem\",\"position\":2,\"name\":\"Leistungen\"}]},{\"@type\":\"WebSite\",\"@id\":\"https:\\\/\\\/funkspruch-pr.de\\\/#website\",\"url\":\"https:\\\/\\\/funkspruch-pr.de\\\/\",\"name\":\"Funkspruch PR\",\"description\":\"Internationale PR, Social Media, Performance &amp; Content Marketing\",\"potentialAction\":[{\"@type\":\"SearchAction\",\"target\":{\"@type\":\"EntryPoint\",\"urlTemplate\":\"https:\\\/\\\/funkspruch-pr.de\\\/?s={search_term_string}\"},\"query-input\":{\"@type\":\"PropertyValueSpecification\",\"valueRequired\":true,\"valueName\":\"search_term_string\"}}],\"inLanguage\":\"en-US\"}]}<\/script>\n<!-- \/ Yoast SEO plugin. -->","yoast_head_json":{"title":"Funkspruch PR | Professionelle Kommunikation in Print und Online","description":"Unsere Leistungen: Public Relations, Mediaplanung, Suchmaschinenoptimierung, Online-Marketing, Social Media Relations & Influencer Marketing","robots":{"index":"index","follow":"follow","max-snippet":"max-snippet:-1","max-image-preview":"max-image-preview:large","max-video-preview":"max-video-preview:-1"},"canonical":"https:\/\/funkspruch-pr.de\/en\/leistungen-2\/","og_locale":"en_US","og_type":"article","og_title":"Funkspruch PR | Professionelle Kommunikation in Print und Online","og_description":"Unsere Leistungen: Public Relations, Mediaplanung, Suchmaschinenoptimierung, Online-Marketing, Social Media Relations & Influencer Marketing","og_url":"https:\/\/funkspruch-pr.de\/en\/leistungen-2\/","og_site_name":"Funkspruch PR","article_modified_time":"2023-05-17T08:38:06+00:00","og_image":[{"width":1280,"height":720,"url":"https:\/\/funkspruch-pr.de\/wp-content\/uploads\/2021\/05\/success-2081168_1280.jpg","type":"image\/jpeg"}],"twitter_card":"summary_large_image","twitter_misc":{"Est. reading time":"1 minute"},"schema":{"@context":"https:\/\/schema.org","@graph":[{"@type":"WebPage","@id":"https:\/\/funkspruch-pr.de\/leistungen-2\/","url":"https:\/\/funkspruch-pr.de\/leistungen-2\/","name":"Funkspruch PR | Professionelle Kommunikation in Print und Online","isPartOf":{"@id":"https:\/\/funkspruch-pr.de\/#website"},"primaryImageOfPage":{"@id":"https:\/\/funkspruch-pr.de\/leistungen-2\/#primaryimage"},"image":{"@id":"https:\/\/funkspruch-pr.de\/leistungen-2\/#primaryimage"},"thumbnailUrl":"https:\/\/funkspruch-pr.de\/wp-content\/uploads\/2021\/05\/success-2081168_1280.jpg","datePublished":"2017-01-06T08:29:31+00:00","dateModified":"2023-05-17T08:38:06+00:00","description":"Unsere Leistungen: Public Relations, Mediaplanung, Suchmaschinenoptimierung, Online-Marketing, Social Media Relations & Influencer Marketing","breadcrumb":{"@id":"https:\/\/funkspruch-pr.de\/leistungen-2\/#breadcrumb"},"inLanguage":"en-US","potentialAction":[{"@type":"ReadAction","target":["https:\/\/funkspruch-pr.de\/leistungen-2\/"]}]},{"@type":"ImageObject","inLanguage":"en-US","@id":"https:\/\/funkspruch-pr.de\/leistungen-2\/#primaryimage","url":"https:\/\/funkspruch-pr.de\/wp-content\/uploads\/2021\/05\/success-2081168_1280.jpg","contentUrl":"https:\/\/funkspruch-pr.de\/wp-content\/uploads\/2021\/05\/success-2081168_1280.jpg","width":1280,"height":720},{"@type":"BreadcrumbList","@id":"https:\/\/funkspruch-pr.de\/leistungen-2\/#breadcrumb","itemListElement":[{"@type":"ListItem","position":1,"name":"Startseite","item":"https:\/\/funkspruch-pr.de\/"},{"@type":"ListItem","position":2,"name":"Leistungen"}]},{"@type":"WebSite","@id":"https:\/\/funkspruch-pr.de\/#website","url":"https:\/\/funkspruch-pr.de\/","name":"Funkspruch PR","description":"Internationale PR, Social Media, Performance &amp; Content Marketing","potentialAction":[{"@type":"SearchAction","target":{"@type":"EntryPoint","urlTemplate":"https:\/\/funkspruch-pr.de\/?s={search_term_string}"},"query-input":{"@type":"PropertyValueSpecification","valueRequired":true,"valueName":"search_term_string"}}],"inLanguage":"en-US"}]}},"_links":{"self":[{"href":"https:\/\/funkspruch-pr.de\/en\/wp-json\/wp\/v2\/pages\/83","targetHints":{"allow":["GET"]}}],"collection":[{"href":"https:\/\/funkspruch-pr.de\/en\/wp-json\/wp\/v2\/pages"}],"about":[{"href":"https:\/\/funkspruch-pr.de\/en\/wp-json\/wp\/v2\/types\/page"}],"author":[{"embeddable":true,"href":"https:\/\/funkspruch-pr.de\/en\/wp-json\/wp\/v2\/users\/1"}],"replies":[{"embeddable":true,"href":"https:\/\/funkspruch-pr.de\/en\/wp-json\/wp\/v2\/comments?post=83"}],"version-history":[{"count":71,"href":"https:\/\/funkspruch-pr.de\/en\/wp-json\/wp\/v2\/pages\/83\/revisions"}],"predecessor-version":[{"id":1349,"href":"https:\/\/funkspruch-pr.de\/en\/wp-json\/wp\/v2\/pages\/83\/revisions\/1349"}],"wp:featuredmedia":[{"embeddable":true,"href":"https:\/\/funkspruch-pr.de\/en\/wp-json\/wp\/v2\/media\/777"}],"wp:attachment":[{"href":"https:\/\/funkspruch-pr.de\/en\/wp-json\/wp\/v2\/media?parent=83"}],"curies":[{"name":"wp","href":"https:\/\/api.w.org\/{rel}","templated":true}]}}