{"id":85,"date":"2017-01-06T08:32:09","date_gmt":"2017-01-06T08:32:09","guid":{"rendered":"http:\/\/funkspruch-pr.de\/?page_id=85"},"modified":"2024-05-27T08:32:38","modified_gmt":"2024-05-27T08:32:38","slug":"public-relations","status":"publish","type":"page","link":"https:\/\/funkspruch-pr.de\/en\/leistungen-2\/public-relations\/","title":{"rendered":"Public Relations"},"content":{"rendered":"<div data-elementor-type=\"wp-page\" data-elementor-id=\"85\" class=\"elementor elementor-85\">\n\t\t\t\t\t\t<section class=\"elementor-section elementor-top-section elementor-element elementor-element-2767f05 elementor-section-boxed elementor-section-height-default elementor-section-height-default\" data-id=\"2767f05\" data-element_type=\"section\" data-e-type=\"section\" data-settings=\"{&quot;background_background&quot;:&quot;classic&quot;}\">\n\t\t\t\t\t\t\t<div class=\"elementor-background-overlay\"><\/div>\n\t\t\t\t\t\t\t<div class=\"elementor-container elementor-column-gap-default\">\n\t\t\t\t\t<div class=\"elementor-column elementor-col-100 elementor-top-column elementor-element elementor-element-dfda0b5\" data-id=\"dfda0b5\" data-element_type=\"column\" data-e-type=\"column\">\n\t\t\t<div class=\"elementor-widget-wrap elementor-element-populated\">\n\t\t\t\t\t\t<div class=\"elementor-element elementor-element-90673d9 animated-slow elementor-invisible elementor-widget elementor-widget-heading\" data-id=\"90673d9\" data-element_type=\"widget\" data-e-type=\"widget\" data-settings=\"{&quot;_animation&quot;:&quot;fadeIn&quot;}\" data-widget_type=\"heading.default\">\n\t\t\t\t<div class=\"elementor-widget-container\">\n\t\t\t\t\t<h1 class=\"elementor-heading-title elementor-size-default\">Public Relations<\/h1>\t\t\t\t<\/div>\n\t\t\t\t<\/div>\n\t\t\t\t\t<\/div>\n\t\t<\/div>\n\t\t\t\t\t<\/div>\n\t\t<\/section>\n\t\t\t\t<section class=\"elementor-section elementor-top-section elementor-element elementor-element-55843fcf elementor-section-boxed elementor-section-height-default elementor-section-height-default\" data-id=\"55843fcf\" data-element_type=\"section\" data-e-type=\"section\">\n\t\t\t\t\t\t<div class=\"elementor-container elementor-column-gap-default\">\n\t\t\t\t\t<div class=\"elementor-column elementor-col-50 elementor-top-column elementor-element elementor-element-1be971d7\" data-id=\"1be971d7\" data-element_type=\"column\" data-e-type=\"column\">\n\t\t\t<div class=\"elementor-widget-wrap elementor-element-populated\">\n\t\t\t\t\t\t<div class=\"elementor-element elementor-element-ab28c23 elementor-widget elementor-widget-text-editor\" data-id=\"ab28c23\" data-element_type=\"widget\" data-e-type=\"widget\" data-widget_type=\"text-editor.default\">\n\t\t\t\t<div class=\"elementor-widget-container\">\n\t\t\t\t\t\t\t\t\t<h2>PROFESSIONAL COMMUNICATIONS FOR YOUR BUSINESS<\/h2><h3>Attention-grabbing, high-profile, international<\/h3><p class=\"translation-block\"><em><strong>Are you looking for support for your corporate communications? <\/strong><\/em>No matter whether your company already has a tried-and-tested communication concept or you are still at the very beginning of your considerations: Funkspruch PR will create and revise your global communication strategy and then implement it together with you. So that you always appear professional to the outside world!<\/p><h3>Target groups and target media<\/h3><p class=\"translation-block\"><em><strong>Funkspruch PR identifies your stakeholders.<\/strong><\/em>We work closely with you to identify your target groups and target media and create a tailor-made communication concept with which you can reach them.<\/p><h3>Confident and eloquent<\/h3><p class=\"translation-block\"><strong><em>Funkspruch PR creates your company texts.<\/em> <\/strong> We stand for professional and precise texts: whether press releases, user reports or specialist articles, whether social media posts, website text or company brochures, whether advertising teasers, advertorials, newsletters or blogs. With <em>feeling for words<\/em> and <em>understanding of the text<\/em>, we create professional texts of all kinds. Our many years of experience make us ideal for texts in <a href=\"https:\/\/funkspruch-pr.de\/en\/branchen\/\" target=\"_self\">industries<\/a> and products that require explanation. A comprehensive network of translators and editorial contacts also makes it accessible to your international audience.<\/p><h3>Published in a networked and targeted manner<\/h3><p class=\"translation-block\"><strong><em>Funkspruch PR gets you into the media.<\/em> <\/strong>We know the media world and know how to reach your opinion makers. Through our extensive online and offline network, we put you in touch with the influencers in your industry. In this way, you strengthen your media presence across channels and consolidate your brand image in public perception.<\/p><h2>Talk to us!<\/h2>\t\t\t\t\t\t\t\t<\/div>\n\t\t\t\t<\/div>\n\t\t\t\t\t<\/div>\n\t\t<\/div>\n\t\t\t\t<div class=\"elementor-column elementor-col-50 elementor-top-column elementor-element elementor-element-5f6440e\" data-id=\"5f6440e\" data-element_type=\"column\" data-e-type=\"column\">\n\t\t\t<div class=\"elementor-widget-wrap elementor-element-populated\">\n\t\t\t\t\t\t<div class=\"elementor-element elementor-element-821153a elementor-widget elementor-widget-image\" data-id=\"821153a\" data-element_type=\"widget\" data-e-type=\"widget\" data-widget_type=\"image.default\">\n\t\t\t\t<div class=\"elementor-widget-container\">\n\t\t\t\t\t\t\t\t\t\t\t\t\t\t\t<img fetchpriority=\"high\" decoding=\"async\" width=\"1024\" height=\"684\" src=\"https:\/\/funkspruch-pr.de\/wp-content\/uploads\/2016\/12\/pexels-photo-106341-1024x684.jpeg\" class=\"attachment-large size-large wp-image-33\" alt=\"\" srcset=\"https:\/\/funkspruch-pr.de\/wp-content\/uploads\/2016\/12\/pexels-photo-106341-1024x684.jpeg 1024w, https:\/\/funkspruch-pr.de\/wp-content\/uploads\/2016\/12\/pexels-photo-106341-300x200.jpeg 300w, https:\/\/funkspruch-pr.de\/wp-content\/uploads\/2016\/12\/pexels-photo-106341-768x513.jpeg 768w, https:\/\/funkspruch-pr.de\/wp-content\/uploads\/2016\/12\/pexels-photo-106341-569x380.jpeg 569w\" sizes=\"(max-width: 1024px) 100vw, 1024px\" \/>\t\t\t\t\t\t\t\t\t\t\t\t\t\t\t<\/div>\n\t\t\t\t<\/div>\n\t\t\t\t<div class=\"elementor-element elementor-element-3442d8d elementor-widget elementor-widget-image\" data-id=\"3442d8d\" data-element_type=\"widget\" data-e-type=\"widget\" data-widget_type=\"image.default\">\n\t\t\t\t<div class=\"elementor-widget-container\">\n\t\t\t\t\t\t\t\t\t\t\t\t\t\t\t<img decoding=\"async\" width=\"1024\" height=\"683\" src=\"https:\/\/funkspruch-pr.de\/wp-content\/uploads\/2019\/09\/technology-2643270_1920-1024x683.jpg\" class=\"attachment-large size-large wp-image-486\" alt=\"\" srcset=\"https:\/\/funkspruch-pr.de\/wp-content\/uploads\/2019\/09\/technology-2643270_1920-1024x683.jpg 1024w, https:\/\/funkspruch-pr.de\/wp-content\/uploads\/2019\/09\/technology-2643270_1920-300x200.jpg 300w, https:\/\/funkspruch-pr.de\/wp-content\/uploads\/2019\/09\/technology-2643270_1920-768x512.jpg 768w, https:\/\/funkspruch-pr.de\/wp-content\/uploads\/2019\/09\/technology-2643270_1920-570x380.jpg 570w, https:\/\/funkspruch-pr.de\/wp-content\/uploads\/2019\/09\/technology-2643270_1920.jpg 1920w\" sizes=\"(max-width: 1024px) 100vw, 1024px\" \/>\t\t\t\t\t\t\t\t\t\t\t\t\t\t\t<\/div>\n\t\t\t\t<\/div>\n\t\t\t\t\t<\/div>\n\t\t<\/div>\n\t\t\t\t\t<\/div>\n\t\t<\/section>\n\t\t\t\t<\/div>","protected":false},"excerpt":{"rendered":"<p>Public Relations PROFESSIONELLE KOMMUNIKATION F\u00dcR IHR UNTERNEHMEN Aufmerksamkeitsstark, \u00f6ffentlichkeitswirksam, international Sie suchen Unterst\u00fctzung f\u00fcr Ihre Unternehmenskommunikation? Ganz egal, ob Ihr Unternehmen bereits ein erprobtes Kommunikationskonzept besitzt oder Sie noch ganz am Anfang Ihrer \u00dcberlegungen stehen: Funkspruch PR erstellt und \u00fcberarbeitet Ihre globale Kommunikationsstrategie und setzt diese im Anschluss gemeinsam mit&hellip;&nbsp;<a href=\"https:\/\/funkspruch-pr.de\/en\/leistungen-2\/public-relations\/\" rel=\"bookmark\">Read More &raquo;<span class=\"screen-reader-text\">Public Relations<\/span><\/a><\/p>","protected":false},"author":1,"featured_media":147,"parent":83,"menu_order":1,"comment_status":"closed","ping_status":"closed","template":"elementor_header_footer","meta":{"neve_meta_sidebar":"","neve_meta_container":"","neve_meta_enable_content_width":"","neve_meta_content_width":0,"neve_meta_title_alignment":"","neve_meta_author_avatar":"","neve_post_elements_order":"","neve_meta_disable_header":"","neve_meta_disable_footer":"","neve_meta_disable_title":"","footnotes":""},"class_list":["post-85","page","type-page","status-publish","has-post-thumbnail","hentry"],"yoast_head":"<!-- This site is optimized with the Yoast SEO plugin v27.2 - https:\/\/yoast.com\/product\/yoast-seo-wordpress\/ -->\n<title>Funkspruch PR | Professionelle Unternehmenskommunikation<\/title>\n<meta name=\"description\" content=\"Professionelle Unternehmenskommunikation - Funkspruch PR identifiziert Ihre Zielgruppen, erstellt Ihre Texte und bringt Sie in die Medien.\" \/>\n<meta name=\"robots\" content=\"index, follow, max-snippet:-1, max-image-preview:large, max-video-preview:-1\" \/>\n<link rel=\"canonical\" href=\"https:\/\/funkspruch-pr.de\/en\/leistungen-2\/public-relations\/\" \/>\n<meta property=\"og:locale\" content=\"en_US\" \/>\n<meta property=\"og:type\" content=\"article\" \/>\n<meta property=\"og:title\" content=\"Funkspruch PR | Professionelle Unternehmenskommunikation\" \/>\n<meta property=\"og:description\" content=\"Professionelle Unternehmenskommunikation - Funkspruch PR identifiziert Ihre Zielgruppen, erstellt Ihre Texte und bringt Sie in die Medien.\" \/>\n<meta property=\"og:url\" content=\"https:\/\/funkspruch-pr.de\/en\/leistungen-2\/public-relations\/\" \/>\n<meta property=\"og:site_name\" content=\"Funkspruch PR\" \/>\n<meta property=\"article:modified_time\" content=\"2024-05-27T08:32:38+00:00\" \/>\n<meta property=\"og:image\" content=\"https:\/\/funkspruch-pr.de\/wp-content\/uploads\/2017\/01\/aerial-1880873_1920-e1484041389286.jpg\" \/>\n\t<meta property=\"og:image:width\" content=\"1891\" \/>\n\t<meta property=\"og:image:height\" content=\"868\" \/>\n\t<meta property=\"og:image:type\" content=\"image\/jpeg\" \/>\n<meta name=\"twitter:card\" content=\"summary_large_image\" \/>\n<meta name=\"twitter:label1\" content=\"Est. reading time\" \/>\n\t<meta name=\"twitter:data1\" content=\"2 minutes\" \/>\n<script type=\"application\/ld+json\" class=\"yoast-schema-graph\">{\"@context\":\"https:\/\/schema.org\",\"@graph\":[{\"@type\":\"WebPage\",\"@id\":\"https:\/\/funkspruch-pr.de\/leistungen-2\/public-relations\/\",\"url\":\"https:\/\/funkspruch-pr.de\/leistungen-2\/public-relations\/\",\"name\":\"Funkspruch PR | Professionelle Unternehmenskommunikation\",\"isPartOf\":{\"@id\":\"https:\/\/funkspruch-pr.de\/#website\"},\"primaryImageOfPage\":{\"@id\":\"https:\/\/funkspruch-pr.de\/leistungen-2\/public-relations\/#primaryimage\"},\"image\":{\"@id\":\"https:\/\/funkspruch-pr.de\/leistungen-2\/public-relations\/#primaryimage\"},\"thumbnailUrl\":\"https:\/\/funkspruch-pr.de\/wp-content\/uploads\/2017\/01\/aerial-1880873_1920-e1484041389286.jpg\",\"datePublished\":\"2017-01-06T08:32:09+00:00\",\"dateModified\":\"2024-05-27T08:32:38+00:00\",\"description\":\"Professionelle Unternehmenskommunikation - Funkspruch PR identifiziert Ihre Zielgruppen, erstellt Ihre Texte und bringt Sie in die Medien.\",\"breadcrumb\":{\"@id\":\"https:\/\/funkspruch-pr.de\/leistungen-2\/public-relations\/#breadcrumb\"},\"inLanguage\":\"en-US\",\"potentialAction\":[{\"@type\":\"ReadAction\",\"target\":[\"https:\/\/funkspruch-pr.de\/leistungen-2\/public-relations\/\"]}]},{\"@type\":\"ImageObject\",\"inLanguage\":\"en-US\",\"@id\":\"https:\/\/funkspruch-pr.de\/leistungen-2\/public-relations\/#primaryimage\",\"url\":\"https:\/\/funkspruch-pr.de\/wp-content\/uploads\/2017\/01\/aerial-1880873_1920-e1484041389286.jpg\",\"contentUrl\":\"https:\/\/funkspruch-pr.de\/wp-content\/uploads\/2017\/01\/aerial-1880873_1920-e1484041389286.jpg\",\"width\":1891,\"height\":868},{\"@type\":\"BreadcrumbList\",\"@id\":\"https:\/\/funkspruch-pr.de\/leistungen-2\/public-relations\/#breadcrumb\",\"itemListElement\":[{\"@type\":\"ListItem\",\"position\":1,\"name\":\"Startseite\",\"item\":\"https:\/\/funkspruch-pr.de\/\"},{\"@type\":\"ListItem\",\"position\":2,\"name\":\"Leistungen\",\"item\":\"https:\/\/funkspruch-pr.de\/leistungen-2\/\"},{\"@type\":\"ListItem\",\"position\":3,\"name\":\"Public Relations\"}]},{\"@type\":\"WebSite\",\"@id\":\"https:\/\/funkspruch-pr.de\/#website\",\"url\":\"https:\/\/funkspruch-pr.de\/\",\"name\":\"Funkspruch PR\",\"description\":\"Internationale PR, Social Media, Performance &amp; Content Marketing\",\"potentialAction\":[{\"@type\":\"SearchAction\",\"target\":{\"@type\":\"EntryPoint\",\"urlTemplate\":\"https:\/\/funkspruch-pr.de\/?s={search_term_string}\"},\"query-input\":{\"@type\":\"PropertyValueSpecification\",\"valueRequired\":true,\"valueName\":\"search_term_string\"}}],\"inLanguage\":\"en-US\"}]}<\/script>\n<!-- \/ Yoast SEO plugin. -->","yoast_head_json":{"title":"Funkspruch PR | Professionelle Unternehmenskommunikation","description":"Professionelle Unternehmenskommunikation - Funkspruch PR identifiziert Ihre Zielgruppen, erstellt Ihre Texte und bringt Sie in die Medien.","robots":{"index":"index","follow":"follow","max-snippet":"max-snippet:-1","max-image-preview":"max-image-preview:large","max-video-preview":"max-video-preview:-1"},"canonical":"https:\/\/funkspruch-pr.de\/en\/leistungen-2\/public-relations\/","og_locale":"en_US","og_type":"article","og_title":"Funkspruch PR | Professionelle Unternehmenskommunikation","og_description":"Professionelle Unternehmenskommunikation - Funkspruch PR identifiziert Ihre Zielgruppen, erstellt Ihre Texte und bringt Sie in die Medien.","og_url":"https:\/\/funkspruch-pr.de\/en\/leistungen-2\/public-relations\/","og_site_name":"Funkspruch PR","article_modified_time":"2024-05-27T08:32:38+00:00","og_image":[{"width":1891,"height":868,"url":"https:\/\/funkspruch-pr.de\/wp-content\/uploads\/2017\/01\/aerial-1880873_1920-e1484041389286.jpg","type":"image\/jpeg"}],"twitter_card":"summary_large_image","twitter_misc":{"Est. reading time":"2 minutes"},"schema":{"@context":"https:\/\/schema.org","@graph":[{"@type":"WebPage","@id":"https:\/\/funkspruch-pr.de\/leistungen-2\/public-relations\/","url":"https:\/\/funkspruch-pr.de\/leistungen-2\/public-relations\/","name":"Funkspruch PR | Professionelle Unternehmenskommunikation","isPartOf":{"@id":"https:\/\/funkspruch-pr.de\/#website"},"primaryImageOfPage":{"@id":"https:\/\/funkspruch-pr.de\/leistungen-2\/public-relations\/#primaryimage"},"image":{"@id":"https:\/\/funkspruch-pr.de\/leistungen-2\/public-relations\/#primaryimage"},"thumbnailUrl":"https:\/\/funkspruch-pr.de\/wp-content\/uploads\/2017\/01\/aerial-1880873_1920-e1484041389286.jpg","datePublished":"2017-01-06T08:32:09+00:00","dateModified":"2024-05-27T08:32:38+00:00","description":"Professionelle Unternehmenskommunikation - Funkspruch PR identifiziert Ihre Zielgruppen, erstellt Ihre Texte und bringt Sie in die Medien.","breadcrumb":{"@id":"https:\/\/funkspruch-pr.de\/leistungen-2\/public-relations\/#breadcrumb"},"inLanguage":"en-US","potentialAction":[{"@type":"ReadAction","target":["https:\/\/funkspruch-pr.de\/leistungen-2\/public-relations\/"]}]},{"@type":"ImageObject","inLanguage":"en-US","@id":"https:\/\/funkspruch-pr.de\/leistungen-2\/public-relations\/#primaryimage","url":"https:\/\/funkspruch-pr.de\/wp-content\/uploads\/2017\/01\/aerial-1880873_1920-e1484041389286.jpg","contentUrl":"https:\/\/funkspruch-pr.de\/wp-content\/uploads\/2017\/01\/aerial-1880873_1920-e1484041389286.jpg","width":1891,"height":868},{"@type":"BreadcrumbList","@id":"https:\/\/funkspruch-pr.de\/leistungen-2\/public-relations\/#breadcrumb","itemListElement":[{"@type":"ListItem","position":1,"name":"Startseite","item":"https:\/\/funkspruch-pr.de\/"},{"@type":"ListItem","position":2,"name":"Leistungen","item":"https:\/\/funkspruch-pr.de\/leistungen-2\/"},{"@type":"ListItem","position":3,"name":"Public Relations"}]},{"@type":"WebSite","@id":"https:\/\/funkspruch-pr.de\/#website","url":"https:\/\/funkspruch-pr.de\/","name":"Funkspruch PR","description":"Internationale PR, Social Media, Performance &amp; Content Marketing","potentialAction":[{"@type":"SearchAction","target":{"@type":"EntryPoint","urlTemplate":"https:\/\/funkspruch-pr.de\/?s={search_term_string}"},"query-input":{"@type":"PropertyValueSpecification","valueRequired":true,"valueName":"search_term_string"}}],"inLanguage":"en-US"}]}},"_links":{"self":[{"href":"https:\/\/funkspruch-pr.de\/en\/wp-json\/wp\/v2\/pages\/85","targetHints":{"allow":["GET"]}}],"collection":[{"href":"https:\/\/funkspruch-pr.de\/en\/wp-json\/wp\/v2\/pages"}],"about":[{"href":"https:\/\/funkspruch-pr.de\/en\/wp-json\/wp\/v2\/types\/page"}],"author":[{"embeddable":true,"href":"https:\/\/funkspruch-pr.de\/en\/wp-json\/wp\/v2\/users\/1"}],"replies":[{"embeddable":true,"href":"https:\/\/funkspruch-pr.de\/en\/wp-json\/wp\/v2\/comments?post=85"}],"version-history":[{"count":54,"href":"https:\/\/funkspruch-pr.de\/en\/wp-json\/wp\/v2\/pages\/85\/revisions"}],"predecessor-version":[{"id":1535,"href":"https:\/\/funkspruch-pr.de\/en\/wp-json\/wp\/v2\/pages\/85\/revisions\/1535"}],"up":[{"embeddable":true,"href":"https:\/\/funkspruch-pr.de\/en\/wp-json\/wp\/v2\/pages\/83"}],"wp:featuredmedia":[{"embeddable":true,"href":"https:\/\/funkspruch-pr.de\/en\/wp-json\/wp\/v2\/media\/147"}],"wp:attachment":[{"href":"https:\/\/funkspruch-pr.de\/en\/wp-json\/wp\/v2\/media?parent=85"}],"curies":[{"name":"wp","href":"https:\/\/api.w.org\/{rel}","templated":true}]}}