{"id":99,"date":"2017-01-09T08:11:19","date_gmt":"2017-01-09T08:11:19","guid":{"rendered":"http:\/\/funkspruch-pr.de\/?page_id=99"},"modified":"2017-04-13T12:04:24","modified_gmt":"2017-04-13T12:04:24","slug":"mediaplanung","status":"publish","type":"page","link":"https:\/\/funkspruch-pr.de\/en\/leistungen-2\/mediaplanung\/","title":{"rendered":"Mediaplanung"},"content":{"rendered":"<h1><\/h1>\n<h1><strong>Werbung im Passenden Themenumfeld<\/strong><\/h1>\n<h2>Ihre Botschaften\u00a0zielgenau platziert<\/h2>\n<p><strong><em>Sie m\u00f6chten, dass Ihre Werbebotschaft ankommt?<\/em>\u00a0<\/strong>Funkspruch PR steht in permanentem Kontakt zu Ihren Zielmedien. Wir erarbeiten f\u00fcr Sie einen auf Ihre Produkte\u00a0und Zielgruppen zugeschnittenen Mediaplan, damit Ihre Botschaften den richtigen Empf\u00e4nger zur richtigen Zeit am richtigen Ort erreichen.<\/p>\n<h3>Mediaplanung \u00dcber alle Kan\u00e4le<\/h3>\n<p><strong><em>F\u00fcr Sie steht fest: Werbung ja, aber wie erreichen wir unsere Kunden am besten?<\/em>\u00a0<\/strong>Funkspruch PR erarbeitet mit Ihnen die\u00a0Kan\u00e4le, \u00fcber die Sie Ihre Zielgruppen am besten erreichen. Unsere langj\u00e4hrige Erfahrung in der Zusammenarbeit mit Print- und digitalen Medien \u00fcber alle Fachgebiete hinweg pr\u00e4destiniert uns, f\u00fcr Sie eine zielgenaue Mediastrategie zu entwickeln.<\/p>\n<h3>Von der Beratung Bis zur Abwicklung<\/h3>\n<p><strong><em>Sie suchen einen Partner f\u00fcr alle Phasen Ihrer Mediaplanung?<\/em>\u00a0<\/strong>Ob Advertorial, Werbeanzeige, Direct Marketing, Online-Kampagne oder Bannerwerbung, ob Mobile Marketing, Search Engine Advertizing (Google AdWords), Sponsoring oder Kooperation, Funkspruch ist Ihr Partner &#8211; von der Beratung, \u00fcber die Konzeption bis hin zum\u00a0Mediaeinkauf und zu Abwicklung.<\/p>\n<h2>Talk to us!<\/h2>","protected":false},"excerpt":{"rendered":"<p>Werbung im Passenden Themenumfeld Ihre Botschaften\u00a0zielgenau platziert Sie m\u00f6chten, dass Ihre Werbebotschaft ankommt?\u00a0Funkspruch PR steht in permanentem Kontakt zu Ihren Zielmedien. Wir erarbeiten f\u00fcr Sie einen auf Ihre Produkte\u00a0und Zielgruppen zugeschnittenen Mediaplan, damit Ihre Botschaften den richtigen Empf\u00e4nger zur richtigen Zeit am richtigen Ort erreichen. Mediaplanung \u00dcber alle Kan\u00e4le F\u00fcr&hellip;&nbsp;<a href=\"https:\/\/funkspruch-pr.de\/en\/leistungen-2\/mediaplanung\/\" rel=\"bookmark\">Read More &raquo;<span class=\"screen-reader-text\">Mediaplanung<\/span><\/a><\/p>","protected":false},"author":1,"featured_media":148,"parent":83,"menu_order":7,"comment_status":"closed","ping_status":"closed","template":"","meta":{"neve_meta_sidebar":"","neve_meta_container":"","neve_meta_enable_content_width":"","neve_meta_content_width":0,"neve_meta_title_alignment":"","neve_meta_author_avatar":"","neve_post_elements_order":"","neve_meta_disable_header":"","neve_meta_disable_footer":"","neve_meta_disable_title":"","footnotes":""},"class_list":["post-99","page","type-page","status-publish","has-post-thumbnail","hentry"],"yoast_head":"<!-- This site is optimized with the Yoast SEO plugin v27.2 - https:\/\/yoast.com\/product\/yoast-seo-wordpress\/ -->\n<title>Mediaplanung von der Beratung bis zur Abwicklung<\/title>\n<meta name=\"description\" content=\"Funkspruch PR ist Ihr Partner f\u00fcr Mediaplanung - damit Ihre Werbung den richtigen Empf\u00e4nger zur richtigen Zeit am richtigen Ort erreicht.\" \/>\n<meta name=\"robots\" content=\"index, follow, max-snippet:-1, max-image-preview:large, max-video-preview:-1\" \/>\n<link rel=\"canonical\" href=\"https:\/\/funkspruch-pr.de\/en\/leistungen-2\/mediaplanung\/\" \/>\n<meta property=\"og:locale\" content=\"en_US\" \/>\n<meta property=\"og:type\" content=\"article\" \/>\n<meta property=\"og:title\" content=\"Mediaplanung von der Beratung bis zur Abwicklung\" \/>\n<meta property=\"og:description\" content=\"Funkspruch PR ist Ihr Partner f\u00fcr Mediaplanung - damit Ihre Werbung den richtigen Empf\u00e4nger zur richtigen Zeit am richtigen Ort erreicht.\" \/>\n<meta property=\"og:url\" content=\"https:\/\/funkspruch-pr.de\/en\/leistungen-2\/mediaplanung\/\" \/>\n<meta property=\"og:site_name\" content=\"Funkspruch PR\" \/>\n<meta property=\"article:modified_time\" content=\"2017-04-13T12:04:24+00:00\" \/>\n<meta property=\"og:image\" content=\"https:\/\/i1.wp.com\/funkspruch-pr.de\/wp-content\/uploads\/2017\/01\/communication-1927697_1920-e1484041270299.png?fit=1915%2C892&ssl=1\" \/>\n\t<meta property=\"og:image:width\" content=\"1915\" \/>\n\t<meta property=\"og:image:height\" content=\"892\" \/>\n\t<meta property=\"og:image:type\" content=\"image\/png\" \/>\n<meta name=\"twitter:card\" content=\"summary_large_image\" \/>\n<meta name=\"twitter:label1\" content=\"Est. reading time\" \/>\n\t<meta name=\"twitter:data1\" content=\"1 minute\" \/>\n<script type=\"application\/ld+json\" class=\"yoast-schema-graph\">{\"@context\":\"https:\/\/schema.org\",\"@graph\":[{\"@type\":\"WebPage\",\"@id\":\"https:\/\/funkspruch-pr.de\/leistungen-2\/mediaplanung\/\",\"url\":\"https:\/\/funkspruch-pr.de\/leistungen-2\/mediaplanung\/\",\"name\":\"Mediaplanung von der Beratung bis zur Abwicklung\",\"isPartOf\":{\"@id\":\"https:\/\/funkspruch-pr.de\/#website\"},\"primaryImageOfPage\":{\"@id\":\"https:\/\/funkspruch-pr.de\/leistungen-2\/mediaplanung\/#primaryimage\"},\"image\":{\"@id\":\"https:\/\/funkspruch-pr.de\/leistungen-2\/mediaplanung\/#primaryimage\"},\"thumbnailUrl\":\"https:\/\/funkspruch-pr.de\/wp-content\/uploads\/2017\/01\/communication-1927697_1920-e1484041270299.png\",\"datePublished\":\"2017-01-09T08:11:19+00:00\",\"dateModified\":\"2017-04-13T12:04:24+00:00\",\"description\":\"Funkspruch PR ist Ihr Partner f\u00fcr Mediaplanung - damit Ihre Werbung den richtigen Empf\u00e4nger zur richtigen Zeit am richtigen Ort erreicht.\",\"breadcrumb\":{\"@id\":\"https:\/\/funkspruch-pr.de\/leistungen-2\/mediaplanung\/#breadcrumb\"},\"inLanguage\":\"en-US\",\"potentialAction\":[{\"@type\":\"ReadAction\",\"target\":[\"https:\/\/funkspruch-pr.de\/leistungen-2\/mediaplanung\/\"]}]},{\"@type\":\"ImageObject\",\"inLanguage\":\"en-US\",\"@id\":\"https:\/\/funkspruch-pr.de\/leistungen-2\/mediaplanung\/#primaryimage\",\"url\":\"https:\/\/funkspruch-pr.de\/wp-content\/uploads\/2017\/01\/communication-1927697_1920-e1484041270299.png\",\"contentUrl\":\"https:\/\/funkspruch-pr.de\/wp-content\/uploads\/2017\/01\/communication-1927697_1920-e1484041270299.png\",\"width\":1915,\"height\":892,\"caption\":\"Public Relations\"},{\"@type\":\"BreadcrumbList\",\"@id\":\"https:\/\/funkspruch-pr.de\/leistungen-2\/mediaplanung\/#breadcrumb\",\"itemListElement\":[{\"@type\":\"ListItem\",\"position\":1,\"name\":\"Startseite\",\"item\":\"https:\/\/funkspruch-pr.de\/\"},{\"@type\":\"ListItem\",\"position\":2,\"name\":\"Leistungen\",\"item\":\"https:\/\/funkspruch-pr.de\/leistungen-2\/\"},{\"@type\":\"ListItem\",\"position\":3,\"name\":\"Mediaplanung\"}]},{\"@type\":\"WebSite\",\"@id\":\"https:\/\/funkspruch-pr.de\/#website\",\"url\":\"https:\/\/funkspruch-pr.de\/\",\"name\":\"Funkspruch PR\",\"description\":\"Internationale PR, Social Media, Performance &amp; Content Marketing\",\"potentialAction\":[{\"@type\":\"SearchAction\",\"target\":{\"@type\":\"EntryPoint\",\"urlTemplate\":\"https:\/\/funkspruch-pr.de\/?s={search_term_string}\"},\"query-input\":{\"@type\":\"PropertyValueSpecification\",\"valueRequired\":true,\"valueName\":\"search_term_string\"}}],\"inLanguage\":\"en-US\"}]}<\/script>\n<!-- \/ Yoast SEO plugin. -->","yoast_head_json":{"title":"Mediaplanung von der Beratung bis zur Abwicklung","description":"Funkspruch PR ist Ihr Partner f\u00fcr Mediaplanung - damit Ihre Werbung den richtigen Empf\u00e4nger zur richtigen Zeit am richtigen Ort erreicht.","robots":{"index":"index","follow":"follow","max-snippet":"max-snippet:-1","max-image-preview":"max-image-preview:large","max-video-preview":"max-video-preview:-1"},"canonical":"https:\/\/funkspruch-pr.de\/en\/leistungen-2\/mediaplanung\/","og_locale":"en_US","og_type":"article","og_title":"Mediaplanung von der Beratung bis zur Abwicklung","og_description":"Funkspruch PR ist Ihr Partner f\u00fcr Mediaplanung - damit Ihre Werbung den richtigen Empf\u00e4nger zur richtigen Zeit am richtigen Ort erreicht.","og_url":"https:\/\/funkspruch-pr.de\/en\/leistungen-2\/mediaplanung\/","og_site_name":"Funkspruch PR","article_modified_time":"2017-04-13T12:04:24+00:00","og_image":[{"width":1915,"height":892,"url":"https:\/\/i1.wp.com\/funkspruch-pr.de\/wp-content\/uploads\/2017\/01\/communication-1927697_1920-e1484041270299.png?fit=1915%2C892&ssl=1","type":"image\/png"}],"twitter_card":"summary_large_image","twitter_misc":{"Est. reading time":"1 minute"},"schema":{"@context":"https:\/\/schema.org","@graph":[{"@type":"WebPage","@id":"https:\/\/funkspruch-pr.de\/leistungen-2\/mediaplanung\/","url":"https:\/\/funkspruch-pr.de\/leistungen-2\/mediaplanung\/","name":"Mediaplanung von der Beratung bis zur Abwicklung","isPartOf":{"@id":"https:\/\/funkspruch-pr.de\/#website"},"primaryImageOfPage":{"@id":"https:\/\/funkspruch-pr.de\/leistungen-2\/mediaplanung\/#primaryimage"},"image":{"@id":"https:\/\/funkspruch-pr.de\/leistungen-2\/mediaplanung\/#primaryimage"},"thumbnailUrl":"https:\/\/funkspruch-pr.de\/wp-content\/uploads\/2017\/01\/communication-1927697_1920-e1484041270299.png","datePublished":"2017-01-09T08:11:19+00:00","dateModified":"2017-04-13T12:04:24+00:00","description":"Funkspruch PR ist Ihr Partner f\u00fcr Mediaplanung - damit Ihre Werbung den richtigen Empf\u00e4nger zur richtigen Zeit am richtigen Ort erreicht.","breadcrumb":{"@id":"https:\/\/funkspruch-pr.de\/leistungen-2\/mediaplanung\/#breadcrumb"},"inLanguage":"en-US","potentialAction":[{"@type":"ReadAction","target":["https:\/\/funkspruch-pr.de\/leistungen-2\/mediaplanung\/"]}]},{"@type":"ImageObject","inLanguage":"en-US","@id":"https:\/\/funkspruch-pr.de\/leistungen-2\/mediaplanung\/#primaryimage","url":"https:\/\/funkspruch-pr.de\/wp-content\/uploads\/2017\/01\/communication-1927697_1920-e1484041270299.png","contentUrl":"https:\/\/funkspruch-pr.de\/wp-content\/uploads\/2017\/01\/communication-1927697_1920-e1484041270299.png","width":1915,"height":892,"caption":"Public Relations"},{"@type":"BreadcrumbList","@id":"https:\/\/funkspruch-pr.de\/leistungen-2\/mediaplanung\/#breadcrumb","itemListElement":[{"@type":"ListItem","position":1,"name":"Startseite","item":"https:\/\/funkspruch-pr.de\/"},{"@type":"ListItem","position":2,"name":"Leistungen","item":"https:\/\/funkspruch-pr.de\/leistungen-2\/"},{"@type":"ListItem","position":3,"name":"Mediaplanung"}]},{"@type":"WebSite","@id":"https:\/\/funkspruch-pr.de\/#website","url":"https:\/\/funkspruch-pr.de\/","name":"Funkspruch PR","description":"Internationale PR, Social Media, Performance &amp; Content Marketing","potentialAction":[{"@type":"SearchAction","target":{"@type":"EntryPoint","urlTemplate":"https:\/\/funkspruch-pr.de\/?s={search_term_string}"},"query-input":{"@type":"PropertyValueSpecification","valueRequired":true,"valueName":"search_term_string"}}],"inLanguage":"en-US"}]}},"_links":{"self":[{"href":"https:\/\/funkspruch-pr.de\/en\/wp-json\/wp\/v2\/pages\/99","targetHints":{"allow":["GET"]}}],"collection":[{"href":"https:\/\/funkspruch-pr.de\/en\/wp-json\/wp\/v2\/pages"}],"about":[{"href":"https:\/\/funkspruch-pr.de\/en\/wp-json\/wp\/v2\/types\/page"}],"author":[{"embeddable":true,"href":"https:\/\/funkspruch-pr.de\/en\/wp-json\/wp\/v2\/users\/1"}],"replies":[{"embeddable":true,"href":"https:\/\/funkspruch-pr.de\/en\/wp-json\/wp\/v2\/comments?post=99"}],"version-history":[{"count":6,"href":"https:\/\/funkspruch-pr.de\/en\/wp-json\/wp\/v2\/pages\/99\/revisions"}],"predecessor-version":[{"id":208,"href":"https:\/\/funkspruch-pr.de\/en\/wp-json\/wp\/v2\/pages\/99\/revisions\/208"}],"up":[{"embeddable":true,"href":"https:\/\/funkspruch-pr.de\/en\/wp-json\/wp\/v2\/pages\/83"}],"wp:featuredmedia":[{"embeddable":true,"href":"https:\/\/funkspruch-pr.de\/en\/wp-json\/wp\/v2\/media\/148"}],"wp:attachment":[{"href":"https:\/\/funkspruch-pr.de\/en\/wp-json\/wp\/v2\/media?parent=99"}],"curies":[{"name":"wp","href":"https:\/\/api.w.org\/{rel}","templated":true}]}}